{"id":6527,"date":"2026-02-13T15:12:37","date_gmt":"2026-02-13T14:12:37","guid":{"rendered":"https:\/\/www.dojo-ronin.de\/?page_id=6527"},"modified":"2026-03-15T09:36:44","modified_gmt":"2026-03-15T08:36:44","slug":"gasshuku","status":"publish","type":"page","link":"https:\/\/www.dojo-ronin.de\/wordpress\/gasshuku\/","title":{"rendered":"JKD-Gasshuku 2026"},"content":{"rendered":"\r\n<div class=\"wp-block-buttons is-layout-flex wp-block-buttons-is-layout-flex\">\r\n<div class=\"wp-block-button\"><a class=\"wp-block-button__link wp-element-button\" href=\"https:\/\/www.dojo-ronin.de\/wordpress\/event\/jkd-gasshuku\/\">Hier Tickets f\u00fcr das Gasshuku kaufen<\/a><\/div>\r\n\r\n\r\n\r\n<div class=\"wp-block-button\"><a class=\"wp-block-button__link wp-element-button\" href=\"https:\/\/www.dojo-ronin.de\/wordpress\/event\/jkd-gasshuku\/\">Hier f\u00fcr das Get-Together anmelden<\/a><\/div>\r\n\r\n\r\n\r\n<div class=\"wp-block-button\"><a class=\"wp-block-button__link wp-element-button\" href=\"https:\/\/www.dojo-ronin.de\/wordpress\/event\/uebernachtungen-jkd-gasshuku\/\">Hier f\u00fcr die \u00dcbernachtung anmelden<\/a><\/div>\r\n<\/div>\r\n\r\n\r\n\r\n<p><img loading=\"lazy\" decoding=\"async\" width=\"1280\" height=\"400\" class=\"aligncenter size-full wp-image-6525\" src=\"https:\/\/www.dojo-ronin.de\/wordpress\/wp-content\/uploads\/2026\/02\/Banner-Gasshuku-2026.jpeg\" alt=\"\" srcset=\"https:\/\/www.dojo-ronin.de\/wordpress\/wp-content\/uploads\/2026\/02\/Banner-Gasshuku-2026.jpeg 1280w, https:\/\/www.dojo-ronin.de\/wordpress\/wp-content\/uploads\/2026\/02\/Banner-Gasshuku-2026-600x188.jpeg 600w, https:\/\/www.dojo-ronin.de\/wordpress\/wp-content\/uploads\/2026\/02\/Banner-Gasshuku-2026-300x94.jpeg 300w, https:\/\/www.dojo-ronin.de\/wordpress\/wp-content\/uploads\/2026\/02\/Banner-Gasshuku-2026-1024x320.jpeg 1024w, https:\/\/www.dojo-ronin.de\/wordpress\/wp-content\/uploads\/2026\/02\/Banner-Gasshuku-2026-768x240.jpeg 768w\" sizes=\"auto, (max-width: 1280px) 100vw, 1280px\" \/><\/p>\r\n<p>Ausschreibung herunterladen: <a  data-e-Disable-Page-Transition=\"true\" class=\"download-link filetype-icon filetype-pdf\" title=\"\" href=\"https:\/\/www.dojo-ronin.de\/wordpress\/downloads\/6922\/?tmstv=1775393691\" rel=\"nofollow\" id=\"download-link-6922\" data-redirect=\"false\" >\n\tJKD-Gasshuku-2026-2.pdf\t(443 Downloads\t)\n<\/a>\n<\/p>\r\n<p>&nbsp;<\/p>\r\n<p>Vom 12. bis 14. Juni 2026 findet das n\u00e4chste JKD Gasshuku in Schwerin statt. Wir freuen uns, in diesem Jahr Sensei Koji Arimoto (4-facher WKF-Weltmeister) begr\u00fc\u00dfen zu d\u00fcrfen. Das Trainerteam setzt sich dar\u00fcber hinaus zusammen aus:<\/p>\r\n<ul>\r\n<li>Sensei Frank Herrmann: 5. Dan, WTKO Chief Instructor, Schwerpunkt Kata Bunkai<\/li>\r\n<li>Sensei Christopher Kr\u00e4hnert: 6. Dan, Schwerpunkt Kumite Grundlagen<\/li>\r\n<li>Sensei Malika Bouharna-Lichtwark: 1. Dan, Schwerpunkt Wettkampf-Kumite<\/li>\r\n<li>Sensei David Herms: 4. Dan, Kata-Landestrainer Berlin, Schwerpunkte Kumite und Athletik<\/li>\r\n<li>Sensei Volodymyr Karavan: 6. Dan, Schwerpunkte Junro und Koten Kata<\/li>\r\n<\/ul>\r\n\r\n\r\n\n\t\t<div class=\"tecc-wrapper\" id=\"tecc-6606\">\n\t\t\t<div class=\"tecc-event-info\"><h2 class=\"tecc-up-event\">Zeit bis zum<\/h2><a href=\"https:\/\/www.dojo-ronin.de\/wordpress\/event\/jkd-gasshuku\/\"><h3 class=\"tecc-title\">JKD-Gasshuku<\/h3><\/a>\n\t\t\t\t<div class=\"event-date-location\">\n\t\t\t\t<span class=\"tecc-date\">12. Juni 2026<\/span><span class=\"tecc-location\"> -<\/span>Friesenstra\u00dfe 29a\n\t\n\t\t\n\t\tSchwerin,\n\n\tMecklenburg-Vorpommern\n\n\t19059\n\n\tGermany\n\t\t\t\t<\/div>\n\t\t\t<\/div>\n\t\t\t<div class=\"tecc-timer-wrapper\">\n\t\t\t\t<div class=\"tecc-date-timer\"><div class=\"tec-countdown-timer-html\">\n\t\t\t\t<span class=\"tecc-seconds-section\">5888109<\/span>\n\t\t\t\t<span class=\"tecc-countdown-format\">\t\t\t\t\n\t\t\t<div class=\"tec-countdown-timer tec-small-box\">\n\t\t\t\n\t\t\t\t<div class=\"tecc-section tecc-days-section\">\n\t\t\t\t\t<span class=\"tecc-amount\">DD<\/span>\n\t\t\t\t\t<span class=\"tecc-word\">days<\/span>\n\t\t\t\t<\/div>\n\t\t\t\t<div class=\"tecc-section tecc-hours-section\">\n\t\t\t\t\t<span class=\"tecc-amount\">HH<\/span>\n\t\t\t\t\t<span class=\"tecc-word\">hours<\/span>\n\t\t\t\t<\/div>\n\t\t\t\t<div class=\"tecc-section tecc-minutes-section\">\n\t\t\t\t\t<span class=\"tecc-amount\">MM<\/span>\n\t\t\t\t\t<span class=\"tecc-word\">min<\/span>\n\t\t\t\t<\/div>\n\t\t\t\t<div class=\"tecc-section tecc-seconds-section\">\n\t\t\t\t\t<span class=\"tecc-amount\">SS<\/span>\n\t\t\t\t\t<span class=\"tecc-word\">sec<\/span>\n\t\t\t\t<\/div><\/div><\/span>\n\t\t\t\t<span class=\"tecc-countdown-complete\">Event Starts refresh page to see next upcoming event<\/h3>\n\t\t\t<\/div>\n\t\t\t\t<\/div>\n\t\t\t<\/div>\n\t\t\t<div class=\"tecc-event-detail\">\n\t\t\t\t<a class=\"tecc-event-button\" href=\"https:\/\/www.dojo-ronin.de\/wordpress\/event\/jkd-gasshuku\/\">Find out more<\/a>\n\t\t\t<\/div>\n\t\t<\/div>\n\r\n\r\n\r\n<div class=\"wp-block-columns is-layout-flex wp-container-core-columns-is-layout-28f84493 wp-block-columns-is-layout-flex\">\r\n<div class=\"wp-block-column is-layout-flow wp-block-column-is-layout-flow\" style=\"flex-basis: 100%;\">\r\n<div data-wp-context=\"{ &quot;autoclose&quot;: false, &quot;accordionItems&quot;: [] }\" data-wp-interactive=\"core\/accordion\" role=\"group\" class=\"wp-block-accordion is-layout-flow wp-block-accordion-is-layout-flow\">\r\n<div data-wp-class--is-open=\"state.isOpen\" data-wp-context=\"{ &quot;id&quot;: &quot;accordion-item-1&quot;, &quot;openByDefault&quot;: false }\" data-wp-init=\"callbacks.initAccordionItems\" data-wp-on-window--hashchange=\"callbacks.hashChange\" class=\"wp-block-accordion-item is-layout-flow wp-block-accordion-item-is-layout-flow\">\r\n<h3 class=\"wp-block-accordion-heading\"><button aria-expanded=\"false\" aria-controls=\"accordion-item-1-panel\" data-wp-bind--aria-expanded=\"state.isOpen\" data-wp-on--click=\"actions.toggle\" data-wp-on--keydown=\"actions.handleKeyDown\" id=\"accordion-item-1\" type=\"button\" class=\"wp-block-accordion-heading__toggle\"><span class=\"wp-block-accordion-heading__toggle-icon\" aria-hidden=\"true\">+<\/span><span class=\"wp-block-accordion-heading__toggle-title\"><strong>Was ist ein Gasshuku?<\/strong><\/span><\/button><\/h3>\r\n\r\n\r\n\r\n<div inert aria-labelledby=\"accordion-item-1\" data-wp-bind--inert=\"!state.isOpen\" id=\"accordion-item-1-panel\" role=\"region\" class=\"wp-block-accordion-panel is-layout-flow wp-block-accordion-panel-is-layout-flow\">\r\n<p>Ein Gasshuku ist im Karate ein mehrt\u00e4giges intensives Trainingslager, in dem sich Karateka unterschiedlicher Alters- und Leistungsstufen treffen, um gemeinsam zu \u00fcben und Wissen zu vertiefen. Der Begriff stammt aus dem Japanischen und beschreibt das bewusste \u201eZusammenkommen\u201c zum konzentrierten Training abseits des Alltags. Typischerweise umfasst ein Gasshuku mehrere Trainingseinheiten pro Tag.<\/p>\r\n\r\n\r\n\r\n<p>Neben der physischen Schulung spielt die geistige Komponente eine zentrale Rolle. Etikette, Zanshin (wachsame Geisteshaltung) und das Reflektieren \u00fcber Prinzipien wie Effizienz, Respekt und Selbstdisziplin werden in Vortr\u00e4gen, kurzen Theoriemodulen oder im Austausch nach dem Training vertieft. Viele Gasshuku bieten zudem Pr\u00fcfungen an, sodass Teilnehmende ihr K\u00f6nnen unter formalisierten Bedingungen zeigen und neue Graduierungen anstreben k\u00f6nnen.<\/p>\r\n\r\n\r\n\r\n<p>Charakteristisch f\u00fcr ein Karate-Gasshuku ist auch das Gemeinschaftserlebnis. Das gemeinsame Schwitzen auf der Matte, das gegenseitige Korrigieren und die Gespr\u00e4che zwischen den Einheiten schaffen ein Lernumfeld, in dem Anf\u00e4nger von Fortgeschrittenen profitieren und Fortgeschrittene durch das Erkl\u00e4ren und Demonstrieren ihre eigenen Grundlagen festigen. H\u00e4ufig runden gemeinsame Abendprogramme oder lockere Treffen den Tag ab, wodurch sich das Gef\u00fchl eines gro\u00dfen, stil\u00fcbergreifenden Dojo entwickelt.<\/p>\r\n\r\n\r\n\r\n<p>Kurz gesagt: Ein Gasshuku im Karate b\u00fcndelt konzentriertes Training, methodische Vertiefung und gelebte Dojo-Kultur \u00fcber mehrere Tage \u2013 mit dem Ziel, Technik, K\u00f6rper und Geist gleicherma\u00dfen voranzubringen.<\/p>\r\n<p>&nbsp;<\/p>\r\n<\/div>\r\n<\/div>\r\n<\/div>\r\n<\/div>\r\n<\/div>\r\n\r\n\r\n\r\n<div class=\"wp-block-columns is-layout-flex wp-container-core-columns-is-layout-28f84493 wp-block-columns-is-layout-flex\">\r\n<div class=\"wp-block-column is-layout-flow wp-block-column-is-layout-flow\" style=\"flex-basis: 100%;\">\r\n<div data-wp-context=\"{ &quot;autoclose&quot;: false, &quot;accordionItems&quot;: [] }\" data-wp-interactive=\"core\/accordion\" role=\"group\" class=\"wp-block-accordion is-layout-flow wp-block-accordion-is-layout-flow\">\r\n<div data-wp-class--is-open=\"state.isOpen\" data-wp-context=\"{ &quot;id&quot;: &quot;accordion-item-2&quot;, &quot;openByDefault&quot;: false }\" data-wp-init=\"callbacks.initAccordionItems\" data-wp-on-window--hashchange=\"callbacks.hashChange\" class=\"wp-block-accordion-item is-layout-flow wp-block-accordion-item-is-layout-flow\">\r\n<h3 class=\"wp-block-accordion-heading\"><button aria-expanded=\"false\" aria-controls=\"accordion-item-2-panel\" data-wp-bind--aria-expanded=\"state.isOpen\" data-wp-on--click=\"actions.toggle\" data-wp-on--keydown=\"actions.handleKeyDown\" id=\"accordion-item-2\" type=\"button\" class=\"wp-block-accordion-heading__toggle\"><span class=\"wp-block-accordion-heading__toggle-icon\" aria-hidden=\"true\">+<\/span><span class=\"wp-block-accordion-heading__toggle-title\"><strong>Kann jeder Karateka teilnehmen?<\/strong><\/span><\/button><\/h3>\r\n\r\n\r\n\r\n<div inert aria-labelledby=\"accordion-item-2\" data-wp-bind--inert=\"!state.isOpen\" id=\"accordion-item-2-panel\" role=\"region\" class=\"wp-block-accordion-panel is-layout-flow wp-block-accordion-panel-is-layout-flow\">\r\n<p>Kurz gesagt: ja. Unser JKD-Gasshuku\u00a0 jeden interessierten Karateka unabh\u00e4ngig von Geschlecht, Alter, Herkunft, Graduierung, Verein, Verband oder Stilrichtung.<\/p>\r\n<\/div>\r\n<\/div>\r\n<\/div>\r\n<\/div>\r\n<\/div>\r\n\r\n\r\n\r\n<div class=\"wp-block-columns is-layout-flex wp-container-core-columns-is-layout-28f84493 wp-block-columns-is-layout-flex\">\r\n<div class=\"wp-block-column is-layout-flow wp-block-column-is-layout-flow\" style=\"flex-basis: 100%;\">\r\n<div data-wp-context=\"{ &quot;autoclose&quot;: false, &quot;accordionItems&quot;: [] }\" data-wp-interactive=\"core\/accordion\" role=\"group\" class=\"wp-block-accordion is-layout-flow wp-block-accordion-is-layout-flow\">\r\n<div data-wp-class--is-open=\"state.isOpen\" data-wp-context=\"{ &quot;id&quot;: &quot;accordion-item-3&quot;, &quot;openByDefault&quot;: false }\" data-wp-init=\"callbacks.initAccordionItems\" data-wp-on-window--hashchange=\"callbacks.hashChange\" class=\"wp-block-accordion-item is-layout-flow wp-block-accordion-item-is-layout-flow\">\r\n<h3 class=\"wp-block-accordion-heading\"><button aria-expanded=\"false\" aria-controls=\"accordion-item-3-panel\" data-wp-bind--aria-expanded=\"state.isOpen\" data-wp-on--click=\"actions.toggle\" data-wp-on--keydown=\"actions.handleKeyDown\" id=\"accordion-item-3\" type=\"button\" class=\"wp-block-accordion-heading__toggle\"><span class=\"wp-block-accordion-heading__toggle-icon\" aria-hidden=\"true\">+<\/span><span class=\"wp-block-accordion-heading__toggle-title\"><strong>Muss ich mich vorher anmelden?<\/strong><\/span><\/button><\/h3>\r\n\r\n\r\n\r\n<div inert aria-labelledby=\"accordion-item-3\" data-wp-bind--inert=\"!state.isOpen\" id=\"accordion-item-3-panel\" role=\"region\" class=\"wp-block-accordion-panel is-layout-flow wp-block-accordion-panel-is-layout-flow\">\r\n<p>Eine Anmeldung zum Lehrgang ist grunds\u00e4tzlich jederzeit m\u00f6glich &#8211; auch noch an den Lehrgangstagen vor Ort. Wir bieten Euch die M\u00f6glichkeit der Online-Voranmeldung an. So k\u00f6nnt Ihr verg\u00fcnstigten Teilnahmetickets erwerben: <a href=\"https:\/\/www.dojo-ronin.de\/wordpress\/event\/jkd-gasshuku\/\"><strong>Zum Ticketkauf<\/strong><\/a><\/p>\r\n<\/div>\r\n<\/div>\r\n<\/div>\r\n<\/div>\r\n<\/div>\r\n\r\n\r\n\r\n<div class=\"wp-block-columns is-layout-flex wp-container-core-columns-is-layout-28f84493 wp-block-columns-is-layout-flex\">\r\n<div class=\"wp-block-column is-layout-flow wp-block-column-is-layout-flow\" style=\"flex-basis: 100%;\">\r\n<div data-wp-context=\"{ &quot;autoclose&quot;: false, &quot;accordionItems&quot;: [] }\" data-wp-interactive=\"core\/accordion\" role=\"group\" class=\"wp-block-accordion is-layout-flow wp-block-accordion-is-layout-flow\">\r\n<div data-wp-class--is-open=\"state.isOpen\" data-wp-context=\"{ &quot;id&quot;: &quot;accordion-item-4&quot;, &quot;openByDefault&quot;: false }\" data-wp-init=\"callbacks.initAccordionItems\" data-wp-on-window--hashchange=\"callbacks.hashChange\" class=\"wp-block-accordion-item is-layout-flow wp-block-accordion-item-is-layout-flow\">\r\n<h3 class=\"wp-block-accordion-heading\"><button aria-expanded=\"false\" aria-controls=\"accordion-item-4-panel\" data-wp-bind--aria-expanded=\"state.isOpen\" data-wp-on--click=\"actions.toggle\" data-wp-on--keydown=\"actions.handleKeyDown\" id=\"accordion-item-4\" type=\"button\" class=\"wp-block-accordion-heading__toggle\"><span class=\"wp-block-accordion-heading__toggle-icon\" aria-hidden=\"true\">+<\/span><span class=\"wp-block-accordion-heading__toggle-title\"><strong>Was ist das Get-Together und wie melde ich mich an?<\/strong><\/span><\/button><\/h3>\r\n\r\n\r\n\r\n<div inert aria-labelledby=\"accordion-item-4\" data-wp-bind--inert=\"!state.isOpen\" id=\"accordion-item-4-panel\" role=\"region\" class=\"wp-block-accordion-panel is-layout-flow wp-block-accordion-panel-is-layout-flow\">\r\n<p>Beim Get-Together k\u00f6nnen die Lehrgangsteilnehmerinnen und &#8211; teilnehmer in entspannter Atmosph\u00e4re zusammen kommen. Dabei werden wir Grillen und stellen eine Auswahl Getr\u00e4nke bereit. Daf\u00fcr bitten wir um eine kostenlose Voranmeldung \u00fcber unsere Ticketseite. <a href=\"https:\/\/www.dojo-ronin.de\/wordpress\/event\/get-together-jkd-gasshuku\/\"><strong>Zur Anmeldeseite<\/strong><\/a><\/p>\r\n<\/div>\r\n<\/div>\r\n<\/div>\r\n<\/div>\r\n<\/div>\r\n\r\n\r\n\r\n<div class=\"wp-block-columns is-layout-flex wp-container-core-columns-is-layout-28f84493 wp-block-columns-is-layout-flex\">\r\n<div class=\"wp-block-column is-layout-flow wp-block-column-is-layout-flow\" style=\"flex-basis: 100%;\">\r\n<div data-wp-context=\"{ &quot;autoclose&quot;: false, &quot;accordionItems&quot;: [] }\" data-wp-interactive=\"core\/accordion\" role=\"group\" class=\"wp-block-accordion is-layout-flow wp-block-accordion-is-layout-flow\">\r\n<div data-wp-class--is-open=\"state.isOpen\" data-wp-context=\"{ &quot;id&quot;: &quot;accordion-item-5&quot;, &quot;openByDefault&quot;: false }\" data-wp-init=\"callbacks.initAccordionItems\" data-wp-on-window--hashchange=\"callbacks.hashChange\" class=\"wp-block-accordion-item is-layout-flow wp-block-accordion-item-is-layout-flow\">\r\n<h3 class=\"wp-block-accordion-heading\"><button aria-expanded=\"false\" aria-controls=\"accordion-item-5-panel\" data-wp-bind--aria-expanded=\"state.isOpen\" data-wp-on--click=\"actions.toggle\" data-wp-on--keydown=\"actions.handleKeyDown\" id=\"accordion-item-5\" type=\"button\" class=\"wp-block-accordion-heading__toggle\"><span class=\"wp-block-accordion-heading__toggle-icon\" aria-hidden=\"true\">+<\/span><span class=\"wp-block-accordion-heading__toggle-title\"><strong>Kann ich eine G\u00fcrtelpr\u00fcfung ablegen?<\/strong><\/span><\/button><\/h3>\r\n\r\n\r\n\r\n<div inert aria-labelledby=\"accordion-item-5\" data-wp-bind--inert=\"!state.isOpen\" id=\"accordion-item-5-panel\" role=\"region\" class=\"wp-block-accordion-panel is-layout-flow wp-block-accordion-panel-is-layout-flow\">\r\n<p>Ja, es finden sowohl Kyu- als auch Dan-Pr\u00fcfungen statt. Die Termine k\u00f6nnt Ihr der Ausschreibung entnehmen. F\u00fcr die Kyu-Pr\u00fcfungen nach der Pr\u00fcfungsordnung des JKD meldet Ihr Euch bitte per EMail an gasshuku@dojo-ronin.de (gerne \u00fcber den Verein\/das Dojo) an. F\u00fcr Dan-Pr\u00fcfungen meldet Ihr Euch \u00fcber das Portal des DKV an: <a href=\"https:\/\/www.dananmeldung-dkv.de\">https:\/\/www.dananmeldung-dkv.de<\/a><\/p>\r\n<\/div>\r\n<\/div>\r\n<\/div>\r\n<\/div>\r\n<\/div>\r\n\r\n\r\n\r\n\r\n","protected":false},"excerpt":{"rendered":"<p>Ausschreibung herunterladen: &nbsp; Vom 12. bis 14. Juni 2026 findet das n\u00e4chste JKD Gasshuku in Schwerin statt. Wir freuen uns, in diesem Jahr Sensei Koji Arimoto (4-facher WKF-Weltmeister) begr\u00fc\u00dfen zu d\u00fcrfen. Das Trainerteam setzt sich dar\u00fcber hinaus zusammen aus: Sensei Frank Herrmann: 5. Dan, WTKO Chief Instructor, Schwerpunkt Kata Bunkai [&hellip;]<\/p>\n","protected":false},"author":6,"featured_media":0,"parent":0,"menu_order":0,"comment_status":"closed","ping_status":"closed","template":"","meta":{"_price":"","_stock":"","_tribe_ticket_header":"","_tribe_default_ticket_provider":"TEC\\Tickets\\Commerce\\Module","_tribe_ticket_capacity":"0","_ticket_start_date":"","_ticket_end_date":"","_tribe_ticket_show_description":"","_tribe_ticket_show_not_going":false,"_tribe_ticket_use_global_stock":"","_tribe_ticket_global_stock_level":"0","_global_stock_mode":"","_global_stock_cap":"","_tribe_rsvp_for_event":"","_tribe_ticket_going_count":"","_tribe_ticket_not_going_count":"","_tribe_tickets_list":"[]","_tribe_ticket_has_attendee_info_fields":false,"footnotes":"","_tec_slr_enabled":"","_tec_slr_layout":""},"class_list":["post-6527","page","type-page","status-publish","hentry"],"ticketed":false,"_links":{"self":[{"href":"https:\/\/www.dojo-ronin.de\/wordpress\/wp-json\/wp\/v2\/pages\/6527","targetHints":{"allow":["GET"]}}],"collection":[{"href":"https:\/\/www.dojo-ronin.de\/wordpress\/wp-json\/wp\/v2\/pages"}],"about":[{"href":"https:\/\/www.dojo-ronin.de\/wordpress\/wp-json\/wp\/v2\/types\/page"}],"author":[{"embeddable":true,"href":"https:\/\/www.dojo-ronin.de\/wordpress\/wp-json\/wp\/v2\/users\/6"}],"replies":[{"embeddable":true,"href":"https:\/\/www.dojo-ronin.de\/wordpress\/wp-json\/wp\/v2\/comments?post=6527"}],"version-history":[{"count":49,"href":"https:\/\/www.dojo-ronin.de\/wordpress\/wp-json\/wp\/v2\/pages\/6527\/revisions"}],"predecessor-version":[{"id":6932,"href":"https:\/\/www.dojo-ronin.de\/wordpress\/wp-json\/wp\/v2\/pages\/6527\/revisions\/6932"}],"wp:attachment":[{"href":"https:\/\/www.dojo-ronin.de\/wordpress\/wp-json\/wp\/v2\/media?parent=6527"}],"curies":[{"name":"wp","href":"https:\/\/api.w.org\/{rel}","templated":true}]}}