{"id":6302,"date":"2025-06-25T11:21:51","date_gmt":"2025-06-25T09:21:51","guid":{"rendered":"https:\/\/www.dojo-ronin.de\/?page_id=6302"},"modified":"2025-06-25T11:21:51","modified_gmt":"2025-06-25T09:21:51","slug":"6-sieben-seen-cup","status":"publish","type":"page","link":"https:\/\/www.dojo-ronin.de\/wordpress\/6-sieben-seen-cup\/","title":{"rendered":"6. Sieben-Seen-Cup"},"content":{"rendered":"<table width=\"770\">\n<tbody>\n<tr>\n<td width=\"146\">Gruppe<\/td>\n<td width=\"83\">Kategorie<\/td>\n<td width=\"116\">4. Platz<\/td>\n<td width=\"144\">3. Platz<\/td>\n<td width=\"141\">2. Platz<\/td>\n<td width=\"140\">1. Platz<\/td>\n<\/tr>\n<tr>\n<td>A m\u00e4nnlich<\/td>\n<td>Kata<\/td>\n<td><\/td>\n<td>Nils Arne Martelock<\/td>\n<td>Elia Lezius<\/td>\n<td>Lukas Neumann<\/td>\n<\/tr>\n<tr>\n<td>A weiblich<\/td>\n<td>Kata<\/td>\n<td><\/td>\n<td>Henriette Wossidlo<\/td>\n<td>Enie Schult<\/td>\n<td>Franziska Wesolek<\/td>\n<\/tr>\n<tr>\n<td>B1 weiblich<\/td>\n<td>Kata<\/td>\n<td><\/td>\n<td>Nika Shahid<\/td>\n<td>Millay K\u00f6rner<\/td>\n<td>Emma Bli\u00df<\/td>\n<\/tr>\n<tr>\n<td>B1 weiblich<\/td>\n<td>Kumite<\/td>\n<td><\/td>\n<td>Farah Al Obaidi<\/td>\n<td>Johanna Fuest<\/td>\n<td>Emma Bli\u00df<\/td>\n<\/tr>\n<tr>\n<td>B1 m\u00e4nnlich<\/td>\n<td>Kata<\/td>\n<td><\/td>\n<td>Leon Kniep<\/td>\n<td>Henry Laabs<\/td>\n<td>Artem Schulz<\/td>\n<\/tr>\n<tr>\n<td>B1 m\u00e4nnlich<\/td>\n<td>Kumite<\/td>\n<td><\/td>\n<td>Moritz Bli\u00df<\/td>\n<td>Artem Schulz<\/td>\n<td>Dennis Bilalic Heinze<\/td>\n<\/tr>\n<tr>\n<td>B2 m\u00e4nnlich<\/td>\n<td>Kata<\/td>\n<td><\/td>\n<td>Collin Gl\u00e4ser<\/td>\n<td>Fabian Hanigk<\/td>\n<td>Fin Clau\u00df<\/td>\n<\/tr>\n<tr>\n<td>B2 m\u00e4nnlich<\/td>\n<td>Kumite<\/td>\n<td><\/td>\n<td>Fabian Hanigk<\/td>\n<td>Till Dobbertin<\/td>\n<td>Collin Gl\u00e4ser<\/td>\n<\/tr>\n<tr>\n<td>B2 weiblich<\/td>\n<td>Kata<\/td>\n<td><\/td>\n<td>Thiara Reichert<\/td>\n<td>Inga Kr\u00e4mer<\/td>\n<td>Anna Brodowski<\/td>\n<\/tr>\n<tr>\n<td>B2 weiblich<\/td>\n<td>Kumite<\/td>\n<td><\/td>\n<td>Anni L\u00fcbeck<\/td>\n<td>Anna Brodowski<\/td>\n<td>Thiara Reichert<\/td>\n<\/tr>\n<tr>\n<td>C1 weiblich<\/td>\n<td>Kata<\/td>\n<td><\/td>\n<td><\/td>\n<td>Swantje Bliemeister<\/td>\n<td>Maria Alhraki<\/td>\n<\/tr>\n<tr>\n<td>C1 weiblich<\/td>\n<td>Kumite<\/td>\n<td><\/td>\n<td><\/td>\n<td>Swantje Bliemeister<\/td>\n<td>Maria Alhraki<\/td>\n<\/tr>\n<tr>\n<td>C1 m\u00e4nnlich<\/td>\n<td>Kata<\/td>\n<td><\/td>\n<td>Malte Bliemeister<\/td>\n<td>S\u00f6ren Bliemeister<\/td>\n<td>Jona Weidemann<\/td>\n<\/tr>\n<tr>\n<td>C1 m\u00e4nnlich<\/td>\n<td>Kumite<\/td>\n<td><\/td>\n<td>Muslim Al Obaidi<\/td>\n<td>Malte Bliemeister<\/td>\n<td>Jona Weidemann<\/td>\n<\/tr>\n<tr>\n<td>C2 m\u00e4nnlich<\/td>\n<td>Kata<\/td>\n<td><\/td>\n<td>Andre Schlee<\/td>\n<td>Quinn Annies<\/td>\n<td>Patrick Wehmer<\/td>\n<\/tr>\n<tr>\n<td>C2 m\u00e4nnlich<\/td>\n<td>Kumite<\/td>\n<td><\/td>\n<td>Patrick Wehmer<\/td>\n<td>Quinn Annies<\/td>\n<td>Zaid Dyab<\/td>\n<\/tr>\n<tr>\n<td>C2 D2 weiblich<\/td>\n<td>Kata<\/td>\n<td><\/td>\n<td>Nani Rothhardt<\/td>\n<td>Jette Antonia Gross<\/td>\n<td>Mia Karbach<\/td>\n<\/tr>\n<tr>\n<td>C2 D2 weiblich<\/td>\n<td>Kumite<\/td>\n<td><\/td>\n<td>Jette Antonia Gross<\/td>\n<td>Annika Voigt<\/td>\n<td>Mia Karbach<\/td>\n<\/tr>\n<tr>\n<td>C3_D3 weiblich<\/td>\n<td>Kata<\/td>\n<td><\/td>\n<td>Nadja Wesolek<\/td>\n<td>Emilia Klimaschewski<\/td>\n<td>Amy Lynn Peters<\/td>\n<\/tr>\n<tr>\n<td>C3_D3 weiblich<\/td>\n<td>Kumite<\/td>\n<td><\/td>\n<td>Johanna Mietko<\/td>\n<td>Emilia Klimaschewski<\/td>\n<td>Anna Schott<\/td>\n<\/tr>\n<tr>\n<td>C3 m\u00e4nnlich<\/td>\n<td>Kata<\/td>\n<td><\/td>\n<td>Iven L\u00e4hning<\/td>\n<td>Vincent Herrmann<\/td>\n<td>Fares Dyab<\/td>\n<\/tr>\n<tr>\n<td>C3 m\u00e4nnlich<\/td>\n<td>Kumite<\/td>\n<td><\/td>\n<td><\/td>\n<td>Fares Dyab<\/td>\n<td>Iven L\u00e4hning<\/td>\n<\/tr>\n<tr>\n<td>D2 m\u00e4nnlich<\/td>\n<td>Kata<\/td>\n<td><\/td>\n<td><\/td>\n<td>Max Scherer<\/td>\n<td>Leon Kuklik<\/td>\n<\/tr>\n<tr>\n<td>D2 m\u00e4nnlich<\/td>\n<td>Kumite<\/td>\n<td><\/td>\n<td><\/td>\n<td>Max Scherer<\/td>\n<td>Leon Kuklik<\/td>\n<\/tr>\n<tr>\n<td>D3 m\u00e4nnlich<\/td>\n<td>Kata<\/td>\n<td><\/td>\n<td>Chris Engelland<\/td>\n<td>Mika H\u00fcthel<\/td>\n<td>Tarek Dyab<\/td>\n<\/tr>\n<tr>\n<td>D3 m\u00e4nnlich<\/td>\n<td>Kumite<\/td>\n<td><\/td>\n<td>Laso Amin<\/td>\n<td>Mika H\u00fcthel<\/td>\n<td>Tarek Dyab<\/td>\n<\/tr>\n<tr>\n<td>E1 + E2 m_w<\/td>\n<td>Kata<\/td>\n<td><\/td>\n<td>Sandra L\u00fcbeck<\/td>\n<td>Thorsten Knorr<\/td>\n<td>Bianca Lezius<\/td>\n<\/tr>\n<tr>\n<td>E1 + E2 m_w<\/td>\n<td>Kumite<\/td>\n<td><\/td>\n<td><\/td>\n<td>Thorsten Knorr<\/td>\n<td>Bianca Lezius<\/td>\n<\/tr>\n<tr>\n<td>E3 m\u00e4nnlich<\/td>\n<td>Kata<\/td>\n<td><\/td>\n<td>Damian Drexel<\/td>\n<td>Fabian Frahm<\/td>\n<td>Leonid Resnyanskyy<\/td>\n<\/tr>\n<tr>\n<td>E3 m\u00e4nnlich<\/td>\n<td>Kumite<\/td>\n<td><\/td>\n<td>Hoang Trung Nguyen<\/td>\n<td>Lasse Flo\u00dfbach<\/td>\n<td>Damian Drexel<\/td>\n<\/tr>\n<tr>\n<td>F1 m F2 m F2 w<\/td>\n<td>Kata<\/td>\n<td><\/td>\n<td>Ronin 8<\/td>\n<td>Itosu 2<\/td>\n<td>Ronin 2<\/td>\n<\/tr>\n<tr>\n<td>F1 m\u00e4nnlich<\/td>\n<td>Kumite<\/td>\n<td><\/td>\n<td>Ronin 14<\/td>\n<td>Ronin 13<\/td>\n<td>Ronin 1<\/td>\n<\/tr>\n<tr>\n<td>F1 weiblich<\/td>\n<td>Kumite<\/td>\n<td><\/td>\n<td>Ronin 21<\/td>\n<td>Ronin 19<\/td>\n<td>Ronin 20<\/td>\n<\/tr>\n<tr>\n<td>F2 weiblich<\/td>\n<td>Kumite<\/td>\n<td><\/td>\n<td><\/td>\n<td>Itosu 2<\/td>\n<td>Ronin 8<\/td>\n<\/tr>\n<tr>\n<td>F2 m\u00e4nnlich<\/td>\n<td>Kumite<\/td>\n<td><\/td>\n<td><\/td>\n<td>Ronin 2<\/td>\n<td>Ronin 15<\/td>\n<\/tr>\n<tr>\n<td>G2 weiblich<\/td>\n<td>Kata<\/td>\n<td><\/td>\n<td>Itosu 1<\/td>\n<td>Ronin 9<\/td>\n<td>Ronin 10<\/td>\n<\/tr>\n<tr>\n<td>G2 weiblich<\/td>\n<td>Kumite<\/td>\n<td><\/td>\n<td>Yoshino 1<\/td>\n<td>Ronin 10<\/td>\n<td>Ronin 11<\/td>\n<\/tr>\n<tr>\n<td>G2 m\u00e4nnlich<\/td>\n<td>Kumite<\/td>\n<td><\/td>\n<td><\/td>\n<td>Ronin 3<\/td>\n<td>Ronin 18<\/td>\n<\/tr>\n<tr>\n<td>G1 weibl G2 m\u00e4nnlich<\/td>\n<td>Kata<\/td>\n<td><\/td>\n<td><\/td>\n<td>Ronin 4<\/td>\n<td>Ronin 3<\/td>\n<\/tr>\n<tr>\n<td>G1 m\u00e4nnlich\/weiblich<\/td>\n<td>Kumite<\/td>\n<td><\/td>\n<td>Ronin 16<\/td>\n<td>Ronin 17<\/td>\n<td>Ronin 22<\/td>\n<\/tr>\n<tr>\n<td>H2 M\u00e4nnlich\/weiblich<\/td>\n<td>Kata<\/td>\n<td><\/td>\n<td>Ronin 12<\/td>\n<td>Ronin 5<\/td>\n<td>Ronin 6<\/td>\n<\/tr>\n<tr>\n<td>H2 M\u00e4nnlich\/weiblich<\/td>\n<td>Kumite<\/td>\n<td><\/td>\n<td>Ronin 12<\/td>\n<td>Ronin 5<\/td>\n<td>Ronin 6<\/td>\n<\/tr>\n<tr>\n<td>I2 m\u00e4nnlich<\/td>\n<td>Kumite<\/td>\n<td><\/td>\n<td><\/td>\n<td>Ronin 7<\/td>\n<td>Yoshino 2<\/td>\n<\/tr>\n<\/tbody>\n<\/table>\n","protected":false},"excerpt":{"rendered":"<p>Gruppe Kategorie 4. Platz 3. Platz 2. Platz 1. Platz A m\u00e4nnlich Kata Nils Arne Martelock Elia Lezius Lukas Neumann A weiblich Kata Henriette Wossidlo Enie Schult Franziska Wesolek B1 weiblich Kata Nika Shahid Millay K\u00f6rner Emma Bli\u00df B1 weiblich Kumite Farah Al Obaidi Johanna Fuest Emma Bli\u00df B1 m\u00e4nnlich [&hellip;]<\/p>\n","protected":false},"author":6,"featured_media":0,"parent":0,"menu_order":0,"comment_status":"closed","ping_status":"closed","template":"","meta":{"_price":"","_stock":"","_tribe_ticket_header":"","_tribe_default_ticket_provider":"","_tribe_ticket_capacity":"0","_ticket_start_date":"","_ticket_end_date":"","_tribe_ticket_show_description":"","_tribe_ticket_show_not_going":false,"_tribe_ticket_use_global_stock":"","_tribe_ticket_global_stock_level":"","_global_stock_mode":"","_global_stock_cap":"","_tribe_rsvp_for_event":"","_tribe_ticket_going_count":"","_tribe_ticket_not_going_count":"","_tribe_tickets_list":"[]","_tribe_ticket_has_attendee_info_fields":false,"footnotes":"","_tec_slr_enabled":"","_tec_slr_layout":""},"class_list":["post-6302","page","type-page","status-publish","hentry"],"ticketed":false,"_links":{"self":[{"href":"https:\/\/www.dojo-ronin.de\/wordpress\/wp-json\/wp\/v2\/pages\/6302","targetHints":{"allow":["GET"]}}],"collection":[{"href":"https:\/\/www.dojo-ronin.de\/wordpress\/wp-json\/wp\/v2\/pages"}],"about":[{"href":"https:\/\/www.dojo-ronin.de\/wordpress\/wp-json\/wp\/v2\/types\/page"}],"author":[{"embeddable":true,"href":"https:\/\/www.dojo-ronin.de\/wordpress\/wp-json\/wp\/v2\/users\/6"}],"replies":[{"embeddable":true,"href":"https:\/\/www.dojo-ronin.de\/wordpress\/wp-json\/wp\/v2\/comments?post=6302"}],"version-history":[{"count":1,"href":"https:\/\/www.dojo-ronin.de\/wordpress\/wp-json\/wp\/v2\/pages\/6302\/revisions"}],"predecessor-version":[{"id":6303,"href":"https:\/\/www.dojo-ronin.de\/wordpress\/wp-json\/wp\/v2\/pages\/6302\/revisions\/6303"}],"wp:attachment":[{"href":"https:\/\/www.dojo-ronin.de\/wordpress\/wp-json\/wp\/v2\/media?parent=6302"}],"curies":[{"name":"wp","href":"https:\/\/api.w.org\/{rel}","templated":true}]}}