{"id":5454,"date":"2020-03-31T19:51:58","date_gmt":"2020-03-31T17:51:58","guid":{"rendered":"https:\/\/www.dojo-ronin.de\/?page_id=5454"},"modified":"2020-04-03T21:10:50","modified_gmt":"2020-04-03T19:10:50","slug":"lern-apps","status":"publish","type":"page","link":"https:\/\/www.dojo-ronin.de\/wordpress\/lern-apps\/","title":{"rendered":"Lern-Apps"},"content":{"rendered":"<p>Karate-Quiz f\u00fcr Sch\u00fcler*innen zum 9. Kyu (wei\u00dfer G\u00fcrtel)<\/p>\n<p><iframe src=\"https:\/\/learningapps.org\/watch?v=pmyvaj3et20\" style=\"border:0px;width:100%;height:500px\" webkitallowfullscreen=\"true\" mozallowfullscreen=\"true\"><\/iframe><\/p>\n<p>G\u00fcrtelfarben sortieren<\/p>\n<p><iframe src=\"https:\/\/learningapps.org\/watch?v=pwymf367k20\" style=\"border:0px;width:100%;height:500px\" webkitallowfullscreen=\"true\" mozallowfullscreen=\"true\"><\/iframe><\/p>\n<p>Kreuzwortr\u00e4tsel<\/p>\n<p><iframe src=\"https:\/\/learningapps.org\/watch?v=pdh4rwida20\" style=\"border:0px;width:100%;height:500px\" webkitallowfullscreen=\"true\" mozallowfullscreen=\"true\"><\/iframe><\/p>\n<p>W\u00f6rterraten vom 8. bis zum 7. Kyu (gelber und oranger G\u00fcrtel)<\/p>\n<p><iframe src=\"https:\/\/learningapps.org\/watch?v=pnrmi67pj20\" style=\"border:0px;width:100%;height:500px\" webkitallowfullscreen=\"true\" mozallowfullscreen=\"true\"><\/iframe><\/p>\n","protected":false},"excerpt":{"rendered":"<p>Karate-Quiz f\u00fcr Sch\u00fcler*innen zum 9. Kyu (wei\u00dfer G\u00fcrtel) G\u00fcrtelfarben sortieren Kreuzwortr\u00e4tsel W\u00f6rterraten vom 8. bis zum 7. Kyu (gelber und oranger G\u00fcrtel)<\/p>\n","protected":false},"author":6,"featured_media":0,"parent":0,"menu_order":0,"comment_status":"closed","ping_status":"closed","template":"","meta":{"_price":"","_stock":"","_tribe_ticket_header":"","_tribe_default_ticket_provider":"","_tribe_ticket_capacity":"0","_ticket_start_date":"","_ticket_end_date":"","_tribe_ticket_show_description":"","_tribe_ticket_show_not_going":false,"_tribe_ticket_use_global_stock":"","_tribe_ticket_global_stock_level":"","_global_stock_mode":"","_global_stock_cap":"","_tribe_rsvp_for_event":"","_tribe_ticket_going_count":"","_tribe_ticket_not_going_count":"","_tribe_tickets_list":"[]","_tribe_ticket_has_attendee_info_fields":false,"footnotes":"","_tec_slr_enabled":"","_tec_slr_layout":""},"class_list":["post-5454","page","type-page","status-publish","hentry"],"ticketed":false,"_links":{"self":[{"href":"https:\/\/www.dojo-ronin.de\/wordpress\/wp-json\/wp\/v2\/pages\/5454","targetHints":{"allow":["GET"]}}],"collection":[{"href":"https:\/\/www.dojo-ronin.de\/wordpress\/wp-json\/wp\/v2\/pages"}],"about":[{"href":"https:\/\/www.dojo-ronin.de\/wordpress\/wp-json\/wp\/v2\/types\/page"}],"author":[{"embeddable":true,"href":"https:\/\/www.dojo-ronin.de\/wordpress\/wp-json\/wp\/v2\/users\/6"}],"replies":[{"embeddable":true,"href":"https:\/\/www.dojo-ronin.de\/wordpress\/wp-json\/wp\/v2\/comments?post=5454"}],"version-history":[{"count":5,"href":"https:\/\/www.dojo-ronin.de\/wordpress\/wp-json\/wp\/v2\/pages\/5454\/revisions"}],"predecessor-version":[{"id":5469,"href":"https:\/\/www.dojo-ronin.de\/wordpress\/wp-json\/wp\/v2\/pages\/5454\/revisions\/5469"}],"wp:attachment":[{"href":"https:\/\/www.dojo-ronin.de\/wordpress\/wp-json\/wp\/v2\/media?parent=5454"}],"curies":[{"name":"wp","href":"https:\/\/api.w.org\/{rel}","templated":true}]}}