{"id":36,"date":"2015-01-14T11:10:58","date_gmt":"2015-01-14T10:10:58","guid":{"rendered":"http:\/\/wordpress.dojo-ronin.de\/?page_id=36"},"modified":"2025-04-16T22:41:44","modified_gmt":"2025-04-16T20:41:44","slug":"jugendliche-erwachsene","status":"publish","type":"page","link":"https:\/\/www.dojo-ronin.de\/wordpress\/anfaengerkurse\/jugendliche-erwachsene\/","title":{"rendered":"Jugendliche + Erwachsene"},"content":{"rendered":"<p>Die Anf\u00e4ngerkurse f\u00fcr Erwachsene und Jugendliche ab 14 Jahre werden bei uns separat angeboten. Neben dem Erlernen der einzelnen Techniken, wird in jedem Training das Verst\u00e4ndnis einer jeden Technik effektiv erweitert.<\/p>\n<p><em><strong>Karate erlernen, egal ob Frau oder Mann, egal ob jung oder alt:<\/strong><\/em><br \/>\nEin perfektes Alter, um mit Karate zu beginnen, gibt es nicht. Das hei\u00dft, auch Jugendlichen und Erwachsenen gelingt der Einstieg wunderbar. Selbst \u00e4lteren Erwachsenen, die jahrelang keinen Sport gemacht haben, ist es m\u00f6glich, noch mit dem Karate anzufangen. Diese Karate Sp\u00e4teinsteiger, im Karate besser bekannt als Jukuren, trainieren bei uns zusammen mit den Jugendlichen und den j\u00fcngeren Erwachsenen. Karate ist, sehr f\u00f6rderlich f\u00fcr die Gesundheit und das allgemeine Wohlbefinden. Das w\u00f6chentliche Training f\u00f6rdert dabei Kondition, allgemeine Motorik, Schnelligkeit, Kraft, Reaktionsf\u00e4higkeit und vor allem das Selbstbewusstsein jedes einzelnen Karatekas (Sch\u00fcler des Karate), egal ob jung oder \u00e4lter.<\/p>\n<p><em><strong>Was bieten wir in unseren Anf\u00e4ngerkursen?<\/strong><\/em><br \/>\nKarate in kleinen Gruppen f\u00fcr Jugendliche ab 14 Jahren und Erwachsene, sowie den Erwachsenen Sp\u00e4teinsteigern ab 40 Jahren. Sie bekommen von Beginn an einen Einblick in die Kampfkunst und erlernen in den ersten Trainingseinheiten einfache Techniken des Karates.<\/p>\n<p><em><strong>Was wird f\u00fcr die Anf\u00e4ngerkurse ben\u00f6tigt?<\/strong><\/em><br \/>\nEinfache Sportsachen (T-Shirt und Turnhose), egal ob kurz oder lang, sowie Badelatschen reichen vollkommen f\u00fcr die erste Zeit und die ersten Trainingseinheiten aus. Schuhe werden nicht ben\u00f6tigt, da Karate barfu\u00df trainiert wird.<\/p>\n<p><em><strong>Wann sind die Einstiegsm\u00f6glichkeiten?<\/strong><\/em><br \/>\nJeden Dienstag und Donnerstag zu den gegebenen <a title=\"Trainingszeiten Schwerin\" href=\"https:\/\/www.dojo-ronin.de\/training\/training-schwerin\/\">Trainingszeiten<\/a> \u2013 keine Anmeldung erforderlich, einfach vorbeischauen.<\/p>\n<p><em><strong>Trainingszeiten?<\/strong><\/em><br \/>\nDienstag und Donnerstag: 19:00 \u2013 20:30 Uhr (inkl. Karate f\u00fcr Sp\u00e4teinsteiger)<br \/>\nMontag und Mittwoch: 19:00 &#8211; 20:30 Uhr f\u00fcr Fortgeschrittene ab 6. Kyu (gr\u00fcner G\u00fcrtel)<\/p>\n<p><em><strong>Ist ein Probetraining m\u00f6glich?<\/strong><\/em><br \/>\nJa und zwar nicht nur eins. Sie k\u00f6nnen bei uns 4mal kostenlos an einem Probetraining teilnehmen.<\/p>\n<p><em><strong>Wo findet das Training statt?<\/strong><\/em><\/p>\n<p>Johannes-R.-Becher-Str. 22, 19059 Schwerin<\/p>\n<p><iframe loading=\"lazy\" width=\"400\" height=\"300\" style=\"border: 0;\" src=\"https:\/\/www.google.com\/maps\/embed?pb=!1m18!1m12!1m3!1d2365.502761033583!2d11.384963450798042!3d53.638007060428556!2m3!1f0!2f0!3f0!3m2!1i1024!2i768!4f13.1!3m3!1m2!1s0x47add769111a477b%3A0x43b4de1759992637!2sKampfkunstverein+Dojo+Ronin+e.V.!5e0!3m2!1sde!2sde!4v1495553809621\" frameborder=\"0\" allowfullscreen=\"allowfullscreen\"><\/iframe><\/p>\n<p>&nbsp;<\/p>\n<p><em><strong>Ansprechpartner? \u2013 An wen kann ich mich wenden?<\/strong><\/em><br \/>\n<a href=\"https:\/\/www.dojo-ronin.de\/training\/trainer-2\/\">Trainer<\/a> der Anf\u00e4ngerkurse f\u00fcr Jugendliche und Erwachsene sind Andr\u00e9 Hahnfeld, Thilo Kuklik und Dirk Donath. Sollten vorher Fragen bestehen, k\u00f6nnen Sie sich gerne an uns wenden, z.B. per Email (siehe <a title=\"Kontakt\" href=\"https:\/\/www.dojo-ronin.de\/kontakt\/\">Kontaktformular).<\/a><\/p>\n","protected":false},"excerpt":{"rendered":"<p>Die Anf\u00e4ngerkurse f\u00fcr Erwachsene und Jugendliche ab 14 Jahre werden bei uns separat angeboten. Neben dem Erlernen der einzelnen Techniken, wird in jedem Training das Verst\u00e4ndnis einer jeden Technik effektiv erweitert. Karate erlernen, egal ob Frau oder Mann, egal ob jung oder alt: Ein perfektes Alter, um mit Karate zu [&hellip;]<\/p>\n","protected":false},"author":1,"featured_media":0,"parent":17,"menu_order":2,"comment_status":"closed","ping_status":"open","template":"","meta":{"_price":"","_stock":"","_tribe_ticket_header":"","_tribe_default_ticket_provider":"","_tribe_ticket_capacity":"0","_ticket_start_date":"","_ticket_end_date":"","_tribe_ticket_show_description":"","_tribe_ticket_show_not_going":false,"_tribe_ticket_use_global_stock":"","_tribe_ticket_global_stock_level":"","_global_stock_mode":"","_global_stock_cap":"","_tribe_rsvp_for_event":"","_tribe_ticket_going_count":"","_tribe_ticket_not_going_count":"","_tribe_tickets_list":"[]","_tribe_ticket_has_attendee_info_fields":false,"footnotes":"","_tec_slr_enabled":"","_tec_slr_layout":""},"class_list":["post-36","page","type-page","status-publish","hentry"],"ticketed":false,"_links":{"self":[{"href":"https:\/\/www.dojo-ronin.de\/wordpress\/wp-json\/wp\/v2\/pages\/36","targetHints":{"allow":["GET"]}}],"collection":[{"href":"https:\/\/www.dojo-ronin.de\/wordpress\/wp-json\/wp\/v2\/pages"}],"about":[{"href":"https:\/\/www.dojo-ronin.de\/wordpress\/wp-json\/wp\/v2\/types\/page"}],"author":[{"embeddable":true,"href":"https:\/\/www.dojo-ronin.de\/wordpress\/wp-json\/wp\/v2\/users\/1"}],"replies":[{"embeddable":true,"href":"https:\/\/www.dojo-ronin.de\/wordpress\/wp-json\/wp\/v2\/comments?post=36"}],"version-history":[{"count":9,"href":"https:\/\/www.dojo-ronin.de\/wordpress\/wp-json\/wp\/v2\/pages\/36\/revisions"}],"predecessor-version":[{"id":6253,"href":"https:\/\/www.dojo-ronin.de\/wordpress\/wp-json\/wp\/v2\/pages\/36\/revisions\/6253"}],"up":[{"embeddable":true,"href":"https:\/\/www.dojo-ronin.de\/wordpress\/wp-json\/wp\/v2\/pages\/17"}],"wp:attachment":[{"href":"https:\/\/www.dojo-ronin.de\/wordpress\/wp-json\/wp\/v2\/media?parent=36"}],"curies":[{"name":"wp","href":"https:\/\/api.w.org\/{rel}","templated":true}]}}