{"id":34,"date":"2015-01-14T11:10:14","date_gmt":"2015-01-14T10:10:14","guid":{"rendered":"http:\/\/wordpress.dojo-ronin.de\/?page_id=34"},"modified":"2025-04-16T22:44:40","modified_gmt":"2025-04-16T20:44:40","slug":"kinder-kurs","status":"publish","type":"page","link":"https:\/\/www.dojo-ronin.de\/wordpress\/anfaengerkurse\/kinder-kurs\/","title":{"rendered":"Kinder-Kurs"},"content":{"rendered":"<p>In unserem Verein bieten wir f\u00fcr Kinder ab 8 Jahre einen separaten Anf\u00e4ngerkurs an. Die Kinder bekommen von Beginn an Einblick in das Karate und erlernen schon bei den ersten Trainingseinheiten einfachste Grundtechniken. Das Training wird meistens von einem Trainer und einem Assistenten geleitet, damit jedes Kind individuell gef\u00f6rdert werden kann. Im Training wird zus\u00e4tzlich zur sportlichen Entwicklung der Sch\u00fcler\/innen viel Wert auf Disziplin und Respekt gelegt, so beginnt und endet jedes Training mit einer traditionellen japanischen Zeremonie, um die Konzentration auf das Training zu lenken. Karate f\u00f6rdert die Gesundheit und das allgemeine Wohlbefinden. Das Training steigert dabei Kondition, allgemeine Motorik, Schnelligkeit, Kraft, Reaktionsf\u00e4higkeit und vor allem das Selbstbewusstsein jedes einzelnen Kindes.<\/p>\n<p><em><strong>Was bieten wir in unseren Anf\u00e4ngerkursen?<br \/>\n<\/strong><\/em>Schwerin: Karate f\u00fcr Kinder ab 8 Jahre, Gruppeneinteilung nach Graduierung, 2mal w\u00f6chentliches Training<\/p>\n<p><em><strong>Was wird f\u00fcr die Anf\u00e4ngerkurse ben\u00f6tigt?<\/strong><\/em><br \/>\nEinfache Sportsachen (T-Shirt und Turnhose), egal ob kurz oder lang, sowie Badelatschen, reichen vollkommen f\u00fcr die erste Zeit und die ersten Trainingseinheiten aus. Schuhe werden nicht ben\u00f6tigt, da Karate barfu\u00df trainiert wird.<\/p>\n<p><em><strong>Wann sind die Einstiegsm\u00f6glichkeiten?<\/strong><\/em><br \/>\nJeden Dienstag und Donnerstag zu den gegebenen <a title=\"Trainingszeiten Schwerin\" href=\"https:\/\/www.dojo-ronin.de\/training\/training-schwerin\/\">Trainingszeiten<\/a> \u2013 keine Anmeldung erforderlich, einfach vorbeischauen.<\/p>\n<p><em><strong>Trainingszeiten?<\/strong><\/em><br \/>\nDienstag und Donnerstag: 17:30 \u2013 18:30 Uhr<\/p>\n<p><em><strong>Ist ein Probetraining m\u00f6glich?<\/strong><\/em><br \/>\nJa und zwar nicht nur eins. Mit der Probetrainingskarte k\u00f6nnen Sie 4mal kostenlos an einem Probetraining teilnehmen. Diese Probetrainingskarte erhalten Sie vor dem ersten Training in unserem Dojo.<\/p>\n<p><em><strong>Wo findet das Training statt?<\/strong><\/em><\/p>\n<p>Johannes-R.-Becher-Str. 22, 19059 Schwerin<\/p>\n<p><iframe loading=\"lazy\" width=\"400\" height=\"300\" style=\"border: 0;\" src=\"https:\/\/www.google.com\/maps\/embed?pb=!1m18!1m12!1m3!1d2365.502761033583!2d11.384963450798042!3d53.638007060428556!2m3!1f0!2f0!3f0!3m2!1i1024!2i768!4f13.1!3m3!1m2!1s0x47add769111a477b%3A0x43b4de1759992637!2sKampfkunstverein+Dojo+Ronin+e.V.!5e0!3m2!1sde!2sde!4v1495553809621\" frameborder=\"0\" allowfullscreen=\"allowfullscreen\"><\/iframe><\/p>\n<p><em><strong>Ansprechpartner? \u2013 An wen kann ich mich wenden?<\/strong><\/em><br \/>\nUnser <a href=\"https:\/\/www.dojo-ronin.de\/training\/trainer-2\/\">Trainer<\/a> der Anf\u00e4ngerkurse f\u00fcr Kinder ab 8 Jahre sind vor Ort zu erreichen. Sollten vorher Fragen bestehen, k\u00f6nnen Sie sich gerne an uns wenden, z.B. per Email (siehe <a title=\"Kontakt\" href=\"https:\/\/www.dojo-ronin.de\/kontakt\/\">Kontaktformular<\/a>).<\/p>\n","protected":false},"excerpt":{"rendered":"<p>In unserem Verein bieten wir f\u00fcr Kinder ab 8 Jahre einen separaten Anf\u00e4ngerkurs an. Die Kinder bekommen von Beginn an Einblick in das Karate und erlernen schon bei den ersten Trainingseinheiten einfachste Grundtechniken. Das Training wird meistens von einem Trainer und einem Assistenten geleitet, damit jedes Kind individuell gef\u00f6rdert werden [&hellip;]<\/p>\n","protected":false},"author":1,"featured_media":0,"parent":17,"menu_order":1,"comment_status":"closed","ping_status":"open","template":"","meta":{"_price":"","_stock":"","_tribe_ticket_header":"","_tribe_default_ticket_provider":"","_tribe_ticket_capacity":"0","_ticket_start_date":"","_ticket_end_date":"","_tribe_ticket_show_description":"","_tribe_ticket_show_not_going":false,"_tribe_ticket_use_global_stock":"","_tribe_ticket_global_stock_level":"","_global_stock_mode":"","_global_stock_cap":"","_tribe_rsvp_for_event":"","_tribe_ticket_going_count":"","_tribe_ticket_not_going_count":"","_tribe_tickets_list":"[]","_tribe_ticket_has_attendee_info_fields":false,"footnotes":"","_tec_slr_enabled":"","_tec_slr_layout":""},"class_list":["post-34","page","type-page","status-publish","hentry"],"ticketed":false,"_links":{"self":[{"href":"https:\/\/www.dojo-ronin.de\/wordpress\/wp-json\/wp\/v2\/pages\/34","targetHints":{"allow":["GET"]}}],"collection":[{"href":"https:\/\/www.dojo-ronin.de\/wordpress\/wp-json\/wp\/v2\/pages"}],"about":[{"href":"https:\/\/www.dojo-ronin.de\/wordpress\/wp-json\/wp\/v2\/types\/page"}],"author":[{"embeddable":true,"href":"https:\/\/www.dojo-ronin.de\/wordpress\/wp-json\/wp\/v2\/users\/1"}],"replies":[{"embeddable":true,"href":"https:\/\/www.dojo-ronin.de\/wordpress\/wp-json\/wp\/v2\/comments?post=34"}],"version-history":[{"count":10,"href":"https:\/\/www.dojo-ronin.de\/wordpress\/wp-json\/wp\/v2\/pages\/34\/revisions"}],"predecessor-version":[{"id":6255,"href":"https:\/\/www.dojo-ronin.de\/wordpress\/wp-json\/wp\/v2\/pages\/34\/revisions\/6255"}],"up":[{"embeddable":true,"href":"https:\/\/www.dojo-ronin.de\/wordpress\/wp-json\/wp\/v2\/pages\/17"}],"wp:attachment":[{"href":"https:\/\/www.dojo-ronin.de\/wordpress\/wp-json\/wp\/v2\/media?parent=34"}],"curies":[{"name":"wp","href":"https:\/\/api.w.org\/{rel}","templated":true}]}}