{"id":32,"date":"2015-01-14T11:09:30","date_gmt":"2015-01-14T10:09:30","guid":{"rendered":"http:\/\/wordpress.dojo-ronin.de\/?page_id=32"},"modified":"2025-04-16T22:43:12","modified_gmt":"2025-04-16T20:43:12","slug":"bonsai-kurs","status":"publish","type":"page","link":"https:\/\/www.dojo-ronin.de\/wordpress\/anfaengerkurse\/bonsai-kurs\/","title":{"rendered":"Bonsai-Kurs"},"content":{"rendered":"<p>Karate f\u00fcr Kinder ab 5 Jahre<\/p>\n<h3><em><strong>Was bieten wir in unseren Anf\u00e4ngerkursen?<\/strong><\/em><\/h3>\n<ul>\n<li>Karate f\u00fcr Kinder ab 5 Jahre<\/li>\n<li>spielerisches Erlernen einfacher Karategrundtechniken kombiniert mit kampfkunstspezifischen Spielen zur F\u00f6rderung der allgemeinen Motorik<\/li>\n<li>spezielles Bonsaipr\u00fcfungssystem<\/li>\n<li>2mal w\u00f6chentliches Training<\/li>\n<\/ul>\n<h3><em><strong>Was wird f\u00fcr die Anf\u00e4ngerkurse ben\u00f6tigt?<\/strong><\/em><\/h3>\n<ul>\n<li>einfache Sportsachen (T-Shirt, Turnhose) kurz oder lang,<\/li>\n<li>Badelatschen<\/li>\n<li>Schuhe werden nicht ben\u00f6tigt, da Karate barfu\u00df trainiert wird<\/li>\n<\/ul>\n<h3><em><strong>Wann sind die Einstiegsm\u00f6glichkeiten?<\/strong><\/em><\/h3>\n<ul>\n<li>jeden Donnerstag und Freitag zu den gegebenen <a title=\"Trainingszeiten Schwerin\" href=\"https:\/\/www.dojo-ronin.de\/training\/training-schwerin\/\">Trainingszeiten<\/a><\/li>\n<li>keine Anmeldung erforderlich, einfach vorbeischauen<\/li>\n<\/ul>\n<h3><em><strong>Trainingszeiten?<\/strong><\/em><\/h3>\n<ul>\n<li>Donnerstag 16:45 \u2013 17:30 Uhr<\/li>\n<li>Freitag: 16:15 \u2013 17:00 Uhr<\/li>\n<\/ul>\n<h3><em><strong>Ist ein Probetraining m\u00f6glich?<\/strong><\/em><\/h3>\n<p>Ja und nicht nur einmal. Sie k\u00f6nnen bei uns 4mal kostenlos an einem Probetraining teilnehmen.<\/p>\n<h3><em><strong>Wo findet das Training statt?<\/strong><\/em><\/h3>\n<p>Johannes-R.-Becher-Str. 22, 19059 Schwerin<\/p>\n<p><iframe loading=\"lazy\" width=\"400\" height=\"300\" style=\"border: 0;\" src=\"https:\/\/www.google.com\/maps\/embed?pb=!1m18!1m12!1m3!1d2365.502761033583!2d11.384963450798042!3d53.638007060428556!2m3!1f0!2f0!3f0!3m2!1i1024!2i768!4f13.1!3m3!1m2!1s0x47add769111a477b%3A0x43b4de1759992637!2sKampfkunstverein+Dojo+Ronin+e.V.!5e0!3m2!1sde!2sde!4v1495553809621\" frameborder=\"0\" allowfullscreen=\"allowfullscreen\"><\/iframe><\/p>\n<p>&nbsp;<\/p>\n<p><em><strong>Ansprechpartner? \u2013 An wen kann ich mich wenden?<\/strong><\/em><br \/>\n<a href=\"https:\/\/www.dojo-ronin.de\/training\/trainer-2\/\">Trainerin<\/a> der Bonsai-Gruppe ist Karin Heinze, unterst\u00fctzt durch unsere Assistenztrainer Fabian Frahm und Hoang Trung Nguyen. Alle sind vor Ort zu erreichen. Sollten vorher Fragen bestehen, k\u00f6nnen Sie sich gerne an uns wenden, z.B. per Email (siehe <a title=\"Kontakt\" href=\"https:\/\/www.dojo-ronin.de\/kontakt\/\">Kontaktformular).<\/a><\/p>\n","protected":false},"excerpt":{"rendered":"<p>Karate f\u00fcr Kinder ab 5 Jahre Was bieten wir in unseren Anf\u00e4ngerkursen? Karate f\u00fcr Kinder ab 5 Jahre spielerisches Erlernen einfacher Karategrundtechniken kombiniert mit kampfkunstspezifischen Spielen zur F\u00f6rderung der allgemeinen Motorik spezielles Bonsaipr\u00fcfungssystem 2mal w\u00f6chentliches Training Was wird f\u00fcr die Anf\u00e4ngerkurse ben\u00f6tigt? einfache Sportsachen (T-Shirt, Turnhose) kurz oder lang, Badelatschen [&hellip;]<\/p>\n","protected":false},"author":1,"featured_media":0,"parent":17,"menu_order":0,"comment_status":"closed","ping_status":"open","template":"","meta":{"_price":"","_stock":"","_tribe_ticket_header":"","_tribe_default_ticket_provider":"","_tribe_ticket_capacity":"0","_ticket_start_date":"","_ticket_end_date":"","_tribe_ticket_show_description":"","_tribe_ticket_show_not_going":false,"_tribe_ticket_use_global_stock":"","_tribe_ticket_global_stock_level":"","_global_stock_mode":"","_global_stock_cap":"","_tribe_rsvp_for_event":"","_tribe_ticket_going_count":"","_tribe_ticket_not_going_count":"","_tribe_tickets_list":"[]","_tribe_ticket_has_attendee_info_fields":false,"footnotes":"","_tec_slr_enabled":"","_tec_slr_layout":""},"class_list":["post-32","page","type-page","status-publish","hentry"],"ticketed":false,"_links":{"self":[{"href":"https:\/\/www.dojo-ronin.de\/wordpress\/wp-json\/wp\/v2\/pages\/32","targetHints":{"allow":["GET"]}}],"collection":[{"href":"https:\/\/www.dojo-ronin.de\/wordpress\/wp-json\/wp\/v2\/pages"}],"about":[{"href":"https:\/\/www.dojo-ronin.de\/wordpress\/wp-json\/wp\/v2\/types\/page"}],"author":[{"embeddable":true,"href":"https:\/\/www.dojo-ronin.de\/wordpress\/wp-json\/wp\/v2\/users\/1"}],"replies":[{"embeddable":true,"href":"https:\/\/www.dojo-ronin.de\/wordpress\/wp-json\/wp\/v2\/comments?post=32"}],"version-history":[{"count":12,"href":"https:\/\/www.dojo-ronin.de\/wordpress\/wp-json\/wp\/v2\/pages\/32\/revisions"}],"predecessor-version":[{"id":6254,"href":"https:\/\/www.dojo-ronin.de\/wordpress\/wp-json\/wp\/v2\/pages\/32\/revisions\/6254"}],"up":[{"embeddable":true,"href":"https:\/\/www.dojo-ronin.de\/wordpress\/wp-json\/wp\/v2\/pages\/17"}],"wp:attachment":[{"href":"https:\/\/www.dojo-ronin.de\/wordpress\/wp-json\/wp\/v2\/media?parent=32"}],"curies":[{"name":"wp","href":"https:\/\/api.w.org\/{rel}","templated":true}]}}