{"id":2986,"date":"2015-03-12T12:56:32","date_gmt":"2015-03-12T11:56:32","guid":{"rendered":"http:\/\/www.dojo-ronin.de\/?page_id=2986"},"modified":"2026-04-10T08:33:42","modified_gmt":"2026-04-10T06:33:42","slug":"download","status":"publish","type":"page","link":"https:\/\/www.dojo-ronin.de\/wordpress\/download\/","title":{"rendered":"Download"},"content":{"rendered":"<p><strong>\u00d6ffentliche Dokumente des Vereins.<\/strong><\/p>\n<p>F\u00fcr PDF-Dateien wird ggf. ein separates Programm zur Anzeige ben\u00f6tigt, z.B. der <a href=\"http:\/\/www.adobe.com\/de\/products\/reader.html\" target=\"_blank\" rel=\"noopener noreferrer\">Adobe Acrobat Reader<\/a>.<\/p>\n<p><strong>Sieben-Seen-Cup Meldetabelle (Stand 2026)<\/strong><\/p>\n<a  data-e-Disable-Page-Transition=\"true\" class=\"download-link\" title=\"\" href=\"https:\/\/www.dojo-ronin.de\/wordpress\/downloads\/6964\/?tmstv=1778913539\" rel=\"nofollow\" id=\"download-link-6964\" data-redirect=\"false\" >\n\tMeldelist-Sieben-Seen-Cup-2026.xlsx\t(628 Downloads\t)\n<\/a>\n\n<p><strong>Sicherheitskonzept gegen sexualisierte Gewalt<\/strong><\/p>\n<p><a  data-e-Disable-Page-Transition=\"true\" class=\"download-link\" title=\"\" href=\"https:\/\/www.dojo-ronin.de\/wordpress\/downloads\/6394\/?tmstv=1778913539\" rel=\"nofollow\" id=\"download-link-6394\" data-redirect=\"false\" >\n\tSicherheitskonzept gegen sexualisierte Gewalt - Stand 12\/2024<\/a>\n <img decoding=\"async\" alt=\"PDF\" src=\"https:\/\/www.dojo-ronin.de\/wordpress\/wp-content\/uploads\/2015\/03\/pdf-icon-small.gif\" \/><\/p>\n<p><strong>Antragsformulare:<\/strong><\/p>\n<ul>\n<li><a  data-e-Disable-Page-Transition=\"true\" class=\"download-link\" title=\"\" href=\"https:\/\/www.dojo-ronin.de\/wordpress\/downloads\/5742\/?tmstv=1778913539\" rel=\"nofollow\" id=\"download-link-5742\" data-redirect=\"false\" >\n\tAufnahmeantrag in der Fassung vom 09.03.2022.pdf\t(6186 Downloads\t)\n<\/a>\n<img decoding=\"async\" alt=\"PDF\" src=\"https:\/\/www.dojo-ronin.de\/wordpress\/wp-content\/uploads\/2015\/03\/pdf-icon-small.gif\" \/><\/li>\n<li><a  data-e-Disable-Page-Transition=\"true\" class=\"download-link\" title=\"\" href=\"https:\/\/www.dojo-ronin.de\/wordpress\/downloads\/3516\/?tmstv=1778913539\" rel=\"nofollow\" id=\"download-link-3516\" data-redirect=\"false\" >\n\tZahlungsvereinbarung f\u00fcr bestehende Vereinsmitglieder.pdf\t(6163 Downloads\t)\n<\/a>\n<img decoding=\"async\" alt=\"PDF\" src=\"https:\/\/www.dojo-ronin.de\/wordpress\/wp-content\/uploads\/2015\/03\/pdf-icon-small.gif\" \/><\/li>\n<\/ul>\n<p><strong>Dokumente:<\/strong><\/p>\n<ul>\n<li><a  data-e-Disable-Page-Transition=\"true\" class=\"download-link\" title=\"\" href=\"https:\/\/www.dojo-ronin.de\/wordpress\/downloads\/6388\/?tmstv=1778913539\" rel=\"nofollow\" id=\"download-link-6388\" data-redirect=\"false\" >\n\tVereinssatzung in der Fassung vom 22.03.2018\t(3550 Downloads\t)\n<\/a>\n <a href=\"https:\/\/www.dojo-ronin.de\/wordpress\/wp-content\/uploads\/2015\/03\/pdf-icon-small.gif\"><img loading=\"lazy\" decoding=\"async\" width=\"24\" height=\"24\" class=\"alignnone size-full wp-image-2987\" alt=\"PDF\" src=\"https:\/\/www.dojo-ronin.de\/wordpress\/wp-content\/uploads\/2015\/03\/pdf-icon-small.gif\" \/><\/a><\/li>\n<li><a  data-e-Disable-Page-Transition=\"true\" class=\"download-link\" title=\"\" href=\"https:\/\/www.dojo-ronin.de\/wordpress\/downloads\/5700\/?tmstv=1778913539\" rel=\"nofollow\" id=\"download-link-5700\" data-redirect=\"false\" >\n\tBeitragsordnung in der Fassung vom 09.03.2022.pdf\t(5809 Downloads\t)\n<\/a>\n<a href=\"https:\/\/www.dojo-ronin.de\/wordpress\/wp-content\/uploads\/2015\/03\/pdf-icon-small.gif\"><img loading=\"lazy\" decoding=\"async\" width=\"24\" height=\"24\" class=\"alignnone size-full wp-image-2987\" alt=\"PDF\" src=\"https:\/\/www.dojo-ronin.de\/wordpress\/wp-content\/uploads\/2015\/03\/pdf-icon-small.gif\" \/><\/a><a href=\"https:\/\/www.dojo-ronin.de\/wordpress\/wp-content\/uploads\/2015\/03\/pdf-icon-small.gif\"><\/a><\/li>\n<li><a  data-e-Disable-Page-Transition=\"true\" class=\"download-link\" title=\"Version\u00a0fassung vom 19.03.2015\" href=\"https:\/\/www.dojo-ronin.de\/wordpress\/downloads\/3009\/?tmstv=1778913539\" rel=\"nofollow\" id=\"download-link-3009\" data-redirect=\"false\" >\n\tVereinskodex.pdf\t(6377 Downloads\t)\n<\/a>\n\u00a0<a href=\"https:\/\/www.dojo-ronin.de\/wordpress\/wp-content\/uploads\/2015\/03\/pdf-icon-small.gif\"><img loading=\"lazy\" decoding=\"async\" width=\"24\" height=\"24\" class=\"alignnone size-full wp-image-2987\" alt=\"PDF\" src=\"https:\/\/www.dojo-ronin.de\/wordpress\/wp-content\/uploads\/2015\/03\/pdf-icon-small.gif\" \/><\/a><\/li>\n<li><a  data-e-Disable-Page-Transition=\"true\" class=\"download-link\" title=\"\" href=\"https:\/\/www.dojo-ronin.de\/wordpress\/downloads\/3480\/?tmstv=1778913539\" rel=\"nofollow\" id=\"download-link-3480\" data-redirect=\"false\" >\n\tEtikette Kampfkunstverein Dojo Ronin.pdf\t(6060 Downloads\t)\n<\/a>\n<a href=\"https:\/\/www.dojo-ronin.de\/wordpress\/wp-content\/uploads\/2015\/03\/pdf-icon-small.gif\"><img loading=\"lazy\" decoding=\"async\" width=\"24\" height=\"24\" class=\"alignnone size-full wp-image-2987\" alt=\"PDF\" src=\"https:\/\/www.dojo-ronin.de\/wordpress\/wp-content\/uploads\/2015\/03\/pdf-icon-small.gif\" \/><\/a><\/li>\n<\/ul>\n<p><strong>Pr\u00fcfungsordnung:<\/strong><\/p>\n<ul>\n<li><a  data-e-Disable-Page-Transition=\"true\" class=\"download-link\" title=\"\" href=\"https:\/\/www.dojo-ronin.de\/wordpress\/downloads\/4358\/?tmstv=1778913539\" rel=\"nofollow\" id=\"download-link-4358\" data-redirect=\"false\" >\n\tRahmenpr\u00fcfungsordnung Stilrichtung JKD - Stand 03\/2016.pdf\t(7767 Downloads\t)\n<\/a>\n<a href=\"https:\/\/www.dojo-ronin.de\/wordpress\/wp-content\/uploads\/2015\/03\/pdf-icon-small.gif\"><img loading=\"lazy\" decoding=\"async\" width=\"24\" height=\"24\" class=\"alignnone size-full wp-image-2987\" alt=\"PDF\" src=\"https:\/\/www.dojo-ronin.de\/wordpress\/wp-content\/uploads\/2015\/03\/pdf-icon-small.gif\" \/><\/a><\/li>\n<\/ul>\n","protected":false},"excerpt":{"rendered":"<p>\u00d6ffentliche Dokumente des Vereins. F\u00fcr PDF-Dateien wird ggf. ein separates Programm zur Anzeige ben\u00f6tigt, z.B. der Adobe Acrobat Reader. Sieben-Seen-Cup Meldetabelle (Stand 2026) Sicherheitskonzept gegen sexualisierte Gewalt Antragsformulare: Dokumente: \u00a0 Pr\u00fcfungsordnung:<\/p>\n","protected":false},"author":6,"featured_media":0,"parent":0,"menu_order":0,"comment_status":"closed","ping_status":"open","template":"","meta":{"_price":"","_stock":"","_tribe_ticket_header":"","_tribe_default_ticket_provider":"TEC\\Tickets\\Commerce\\Module","_tribe_ticket_capacity":"0","_ticket_start_date":"","_ticket_end_date":"","_tribe_ticket_show_description":"","_tribe_ticket_show_not_going":false,"_tribe_ticket_use_global_stock":"","_tribe_ticket_global_stock_level":"","_global_stock_mode":"","_global_stock_cap":"","_tribe_rsvp_for_event":"","_tribe_ticket_going_count":"","_tribe_ticket_not_going_count":"","_tribe_tickets_list":"[]","_tribe_ticket_has_attendee_info_fields":false,"footnotes":"","_tec_slr_enabled":"","_tec_slr_layout":""},"class_list":["post-2986","page","type-page","status-publish","hentry"],"ticketed":false,"_links":{"self":[{"href":"https:\/\/www.dojo-ronin.de\/wordpress\/wp-json\/wp\/v2\/pages\/2986","targetHints":{"allow":["GET"]}}],"collection":[{"href":"https:\/\/www.dojo-ronin.de\/wordpress\/wp-json\/wp\/v2\/pages"}],"about":[{"href":"https:\/\/www.dojo-ronin.de\/wordpress\/wp-json\/wp\/v2\/types\/page"}],"author":[{"embeddable":true,"href":"https:\/\/www.dojo-ronin.de\/wordpress\/wp-json\/wp\/v2\/users\/6"}],"replies":[{"embeddable":true,"href":"https:\/\/www.dojo-ronin.de\/wordpress\/wp-json\/wp\/v2\/comments?post=2986"}],"version-history":[{"count":61,"href":"https:\/\/www.dojo-ronin.de\/wordpress\/wp-json\/wp\/v2\/pages\/2986\/revisions"}],"predecessor-version":[{"id":7002,"href":"https:\/\/www.dojo-ronin.de\/wordpress\/wp-json\/wp\/v2\/pages\/2986\/revisions\/7002"}],"wp:attachment":[{"href":"https:\/\/www.dojo-ronin.de\/wordpress\/wp-json\/wp\/v2\/media?parent=2986"}],"curies":[{"name":"wp","href":"https:\/\/api.w.org\/{rel}","templated":true}]}}