{"id":2959,"date":"2015-03-04T23:48:25","date_gmt":"2015-03-04T22:48:25","guid":{"rendered":"http:\/\/www.dojo-ronin.de\/?page_id=2959"},"modified":"2023-03-29T08:49:48","modified_gmt":"2023-03-29T06:49:48","slug":"impressum","status":"publish","type":"page","link":"https:\/\/www.dojo-ronin.de\/wordpress\/impressum\/","title":{"rendered":"Impressum"},"content":{"rendered":"<h4>Angaben gem\u00e4\u00df \u00a7 5 TMG:<\/h4>\n<p>Kampfkunstverein &#8222;Dojo Ronin&#8220; e.V.<br \/>\nJohannes-R.-Becher-Str. 22<br \/>\n19059 Schwerin<\/p>\n<h4>Vertreten durch:<\/h4>\n<table style=\"border-collapse: collapse; width: 100%;\" border=\"0\" width=\"100%\" cellspacing=\"0\" cellpadding=\"1\" bgcolor=\"#ffffff\" class=\" alignleft\">\n<tbody>\n<tr style=\"border-style: none;\">\n<td width=\"33%\" style=\"width: 14.9672%; text-align: left; border-style: none; vertical-align: middle;\">\n<div class=\"textStandard\" style=\"line-height: 150%;\"><em><strong>\u00a01. Vorsitzender:<\/strong><\/em><\/div>\n<\/td>\n<td width=\"33%\" style=\"width: 40.0791%; text-align: left; border-style: none; vertical-align: middle;\">\n<div class=\"textStandard\" style=\"line-height: 150%;\">\u00a0Tobias Grebe<\/div>\n<\/td>\n<td width=\"34%\" style=\"width: 44.9537%; text-align: left; border-style: none; vertical-align: middle;\"><a href=\"mailto:tobias.grebe@dojo-ronin.de\">E-Mail<\/a><\/td>\n<\/tr>\n<tr style=\"border-style: none;\">\n<td width=\"33%\" style=\"width: 14.9672%; text-align: left; border-style: none; vertical-align: middle;\">\n<div class=\"textStandard\" style=\"line-height: 150%;\"><em><strong>\u00a02. Vorsitzende:<\/strong><\/em><\/div>\n<\/td>\n<td width=\"33%\" style=\"width: 40.0791%; text-align: left; border-style: none; vertical-align: middle;\">\n<div class=\"textStandard\" style=\"line-height: 150%;\">\u00a0Dirk Donath<\/div>\n<\/td>\n<td width=\"34%\" style=\"width: 44.9537%; text-align: left; border-style: none; vertical-align: middle;\">\n<div class=\"textStandard\" style=\"line-height: 150%;\"><a href=\"mailto:dirk.donath@dojo-ronin.de\">E-Mail<\/a><\/div>\n<\/td>\n<\/tr>\n<tr style=\"border-style: none;\">\n<td width=\"33%\" style=\"width: 14.9672%; text-align: left; border-style: none; vertical-align: middle;\">\n<div class=\"textStandard\" style=\"line-height: 150%;\"><em><strong> \u00a0Schatzmeisterin:<\/strong><\/em><\/div>\n<\/td>\n<td width=\"33%\" style=\"width: 40.0791%; text-align: left; border-style: none; vertical-align: middle;\">\n<div class=\"textStandard\" style=\"line-height: 150%;\">\u00a0Susan Noack<\/div>\n<\/td>\n<td width=\"34%\" style=\"width: 44.9537%; text-align: left; border-style: none; vertical-align: middle;\">\n<div class=\"textStandard\" style=\"line-height: 150%;\"><a href=\"mailto:susan.noack@dojo-ronin.de\">E-Mail<\/a><\/div>\n<\/td>\n<\/tr>\n<\/tbody>\n<\/table>\n<h4>Kontakt:<\/h4>\n<p>Telefon: 0152 \/ 26 540 078<br \/>\nE-Mail: info@dojo-ronin.de<\/p>\n<h4>Bankverbindung:<\/h4>\n<p>IBAN: <strong>DE45 1203 0000 1020 3538 66<br \/>\n<\/strong>BIC:\u00a0<strong>BYLADEM1001<br \/>\n<\/strong>Kreditinstitut:\u00a0Deutsche Kreditbank AG<br \/>\nKontonummer:\u00a01020353866<br \/>\nBankleitzahl: 12030000<\/p>\n<h4>Registereintrag:<\/h4>\n<p>Eintragung im Vereinsregister.<br \/>\nRegistergericht:Amtsgericht Schwerin<br \/>\nRegisternummer: VR 10064<\/p>\n<h4>Verantwortlich f\u00fcr den Inhalt nach \u00a7 18 Abs. 2 MStV:<\/h4>\n<p>Tobias Grebe<br \/>\nHauptstra\u00dfe 20<br \/>\n19079 Sukow<\/p>\n<h4>Streitschlichtung<\/h4>\n<p>Wir sind nicht bereit oder verpflichtet, an Streitbeilegungsverfahren vor einer Verbraucherschlichtungsstelle teilzunehmen.<\/p>\n<h4>Haftung f\u00fcr Inhalte<\/h4>\n<p>Als Diensteanbieter sind wir gem\u00e4\u00df \u00a7 7 Abs.1 TMG f\u00fcr eigene Inhalte auf diesen Seiten nach den allgemeinen Gesetzen verantwortlich. Nach \u00a7\u00a7 8 bis 10 TMG sind wir als Diensteanbieter jedoch nicht verpflichtet, \u00fcbermittelte oder gespeicherte fremde Informationen zu \u00fcberwachen oder nach Umst\u00e4nden zu forschen, die auf eine rechtswidrige T\u00e4tigkeit hinweisen.<\/p>\n<p>Verpflichtungen zur Entfernung oder Sperrung der Nutzung von Informationen nach den allgemeinen Gesetzen bleiben hiervon unber\u00fchrt. Eine diesbez\u00fcgliche Haftung ist jedoch erst ab dem Zeitpunkt der Kenntnis einer konkreten Rechtsverletzung m\u00f6glich. Bei Bekanntwerden von entsprechenden Rechtsverletzungen werden wir diese Inhalte umgehend entfernen.<\/p>\n<h4>Haftung f\u00fcr Links<\/h4>\n<p>Unser Angebot enth\u00e4lt Links zu externen Websites Dritter, auf deren Inhalte wir keinen Einfluss haben. Deshalb k\u00f6nnen wir f\u00fcr diese fremden Inhalte auch keine Gew\u00e4hr \u00fcbernehmen. F\u00fcr die Inhalte der verlinkten Seiten ist stets der jeweilige Anbieter oder Betreiber der Seiten verantwortlich. Die verlinkten Seiten wurden zum Zeitpunkt der Verlinkung auf m\u00f6gliche Rechtsverst\u00f6\u00dfe \u00fcberpr\u00fcft. Rechtswidrige Inhalte waren zum Zeitpunkt der Verlinkung nicht erkennbar.<\/p>\n<p>Eine permanente inhaltliche Kontrolle der verlinkten Seiten ist jedoch ohne konkrete Anhaltspunkte einer Rechtsverletzung nicht zumutbar. Bei Bekanntwerden von Rechtsverletzungen werden wir derartige Links umgehend entfernen.<\/p>\n<h4>Urheberrecht<\/h4>\n<p>Die durch die Seitenbetreiber erstellten Inhalte und Werke auf diesen Seiten unterliegen dem deutschen Urheberrecht. Die Vervielf\u00e4ltigung, Bearbeitung, Verbreitung und jede Art der Verwertung au\u00dferhalb der Grenzen des Urheberrechtes bed\u00fcrfen der schriftlichen Zustimmung des jeweiligen Autors bzw. Erstellers. Downloads und Kopien dieser Seite sind nur f\u00fcr den privaten, nicht kommerziellen Gebrauch gestattet.<\/p>\n<p>Soweit die Inhalte auf dieser Seite nicht vom Betreiber erstellt wurden, werden die Urheberrechte Dritter beachtet. Insbesondere werden Inhalte Dritter als solche gekennzeichnet. Sollten Sie trotzdem auf eine Urheberrechtsverletzung aufmerksam werden, bitten wir um einen entsprechenden Hinweis. Bei Bekanntwerden von Rechtsverletzungen werden wir derartige Inhalte umgehend entfernen.<\/p>\n<h3>Ton- und Bildaufnahmen<\/h3>\n<p>Ton- und Bildaufnahmen sind grunds\u00e4tzlich bei allen Veranstaltungen nicht gestattet. Alle Rechte liegen beim Veranstalter. Die Teilnehmerinnen und Teilnehmer erteilen mit ihrer Anmeldung ihrerseits die Einwilligung, dass zu seiner Person Fotos w\u00e4hrend bzw. nach der Veranstaltung angefertigt werden d\u00fcrfen. Die Fotos d\u00fcrfen zeitlich, r\u00e4umlich, sachlich und inhaltlich unbeschr\u00e4nkt ver\u00f6ffentlicht werden. Der notwendige Datenschutz wird dabei durch den Veranstalter gesichert.<\/p>\n<p>Alle Fotos und Texte \u00a9 Kampfkunstverein &#8222;Dojo Ronin&#8220; e.V. sowie ggf. die jeweils angegebenen Bildautoren. Jegliche Verwendung oder Ver\u00f6ffentlichung nur mit ausdr\u00fccklicher Genehmigung!<\/p>\n","protected":false},"excerpt":{"rendered":"<p>Angaben gem\u00e4\u00df \u00a7 5 TMG: Kampfkunstverein &#8222;Dojo Ronin&#8220; e.V. Johannes-R.-Becher-Str. 22 19059 Schwerin Vertreten durch: \u00a01. Vorsitzender: \u00a0Tobias Grebe E-Mail \u00a02. Vorsitzende: \u00a0Dirk Donath E-Mail \u00a0Schatzmeisterin: \u00a0Susan Noack E-Mail Kontakt: Telefon: 0152 \/ 26 540 078 E-Mail: info@dojo-ronin.de Bankverbindung: IBAN: DE45 1203 0000 1020 3538 66 BIC:\u00a0BYLADEM1001 Kreditinstitut:\u00a0Deutsche Kreditbank AG [&hellip;]<\/p>\n","protected":false},"author":6,"featured_media":0,"parent":0,"menu_order":0,"comment_status":"closed","ping_status":"open","template":"","meta":{"_price":"","_stock":"","_tribe_ticket_header":"","_tribe_default_ticket_provider":"","_tribe_ticket_capacity":"0","_ticket_start_date":"","_ticket_end_date":"","_tribe_ticket_show_description":"","_tribe_ticket_show_not_going":false,"_tribe_ticket_use_global_stock":"","_tribe_ticket_global_stock_level":"","_global_stock_mode":"","_global_stock_cap":"","_tribe_rsvp_for_event":"","_tribe_ticket_going_count":"","_tribe_ticket_not_going_count":"","_tribe_tickets_list":"[]","_tribe_ticket_has_attendee_info_fields":false,"footnotes":"","_tec_slr_enabled":"","_tec_slr_layout":""},"class_list":["post-2959","page","type-page","status-publish","hentry"],"ticketed":false,"_links":{"self":[{"href":"https:\/\/www.dojo-ronin.de\/wordpress\/wp-json\/wp\/v2\/pages\/2959","targetHints":{"allow":["GET"]}}],"collection":[{"href":"https:\/\/www.dojo-ronin.de\/wordpress\/wp-json\/wp\/v2\/pages"}],"about":[{"href":"https:\/\/www.dojo-ronin.de\/wordpress\/wp-json\/wp\/v2\/types\/page"}],"author":[{"embeddable":true,"href":"https:\/\/www.dojo-ronin.de\/wordpress\/wp-json\/wp\/v2\/users\/6"}],"replies":[{"embeddable":true,"href":"https:\/\/www.dojo-ronin.de\/wordpress\/wp-json\/wp\/v2\/comments?post=2959"}],"version-history":[{"count":21,"href":"https:\/\/www.dojo-ronin.de\/wordpress\/wp-json\/wp\/v2\/pages\/2959\/revisions"}],"predecessor-version":[{"id":5866,"href":"https:\/\/www.dojo-ronin.de\/wordpress\/wp-json\/wp\/v2\/pages\/2959\/revisions\/5866"}],"wp:attachment":[{"href":"https:\/\/www.dojo-ronin.de\/wordpress\/wp-json\/wp\/v2\/media?parent=2959"}],"curies":[{"name":"wp","href":"https:\/\/api.w.org\/{rel}","templated":true}]}}