{"id":2892,"date":"2015-03-03T00:19:09","date_gmt":"2015-03-02T23:19:09","guid":{"rendered":"http:\/\/www.dojo-ronin.de\/?page_id=2892"},"modified":"2018-05-01T11:29:11","modified_gmt":"2018-05-01T09:29:11","slug":"dojo-wittenfoerden","status":"publish","type":"page","link":"https:\/\/www.dojo-ronin.de\/wordpress\/verein\/dojo-wittenfoerden\/","title":{"rendered":"Dojo Wittenf\u00f6rden"},"content":{"rendered":"<p><em><strong>Schul-AG in Wittenf\u00f6rden<\/strong><\/em><br \/>\nNeben unserem Hauptstandort in Schwerin bieten wir auch Karate im Rahmen des Ganztagsangebotes der Grundschule D<a href=\"https:\/\/www.dojo-ronin.de\/wordpress\/wp-content\/uploads\/2015\/03\/PICT0038.jpg\"><img loading=\"lazy\" decoding=\"async\" class=\" size-medium wp-image-2912 alignright\" src=\"https:\/\/www.dojo-ronin.de\/wordpress\/wp-content\/uploads\/2015\/03\/PICT0038-300x225.jpg\" alt=\"DIGITAL CAMERA\" width=\"300\" height=\"225\" srcset=\"https:\/\/www.dojo-ronin.de\/wordpress\/wp-content\/uploads\/2015\/03\/PICT0038-300x225.jpg 300w, https:\/\/www.dojo-ronin.de\/wordpress\/wp-content\/uploads\/2015\/03\/PICT0038-scaled-600x450.jpg 600w, https:\/\/www.dojo-ronin.de\/wordpress\/wp-content\/uploads\/2015\/03\/PICT0038-1024x768.jpg 1024w\" sizes=\"auto, (max-width: 300px) 100vw, 300px\" \/><\/a>r. Otto Steinfatt in Wittenf\u00f6rden an. Das schulische Umfeld und bereits bestehende soziale Bindungen unter den Kindern bieten ideale Voraussetzungen, um diese Kampfkunst zu erlernen und dabei moralische Werte wie Fairness, Kameradschaftlichkeit und Respekt zu verinnerlichen. Besonders f\u00fcr die Kleinen wird Spa\u00df dabei gro\u00dfgeschrieben! Gemeinsame Weihnachtsfeiern und regelm\u00e4\u00dfige Freundschaftswettk\u00e4mpfe sollen au\u00dferdem das Gemeinschaftsgef\u00fchl st\u00e4rken.<\/p>\n<p>Das Training findet je Klasse zweimal w\u00f6chentlich in der Schulturnhalle statt. Die Kinder der ersten Klasse bilden dabei eine eigene Gruppe, um auf die speziellen Bed\u00fcrfnisse der Kleinen eingehen und spielerische Elemente einbauen zu k\u00f6nnen. In der Regel wird die Unterrichtseinheit von zwei lizenzierten Trainern geleitet, um jedes Kind individuell f\u00f6rdern und die Gruppe bei Bedarf splitten zu k\u00f6nnen.<\/p>\n<p><em>Ansprechpartner:<\/em> Andrea Heinze<\/p>\n","protected":false},"excerpt":{"rendered":"<p>Schul-AG in Wittenf\u00f6rden Neben unserem Hauptstandort in Schwerin bieten wir auch Karate im Rahmen des Ganztagsangebotes der Grundschule Dr. Otto Steinfatt in Wittenf\u00f6rden an. Das schulische Umfeld und bereits bestehende soziale Bindungen unter den Kindern bieten ideale Voraussetzungen, um diese Kampfkunst zu erlernen und dabei moralische Werte wie Fairness, Kameradschaftlichkeit [&hellip;]<\/p>\n","protected":false},"author":6,"featured_media":0,"parent":11,"menu_order":0,"comment_status":"closed","ping_status":"open","template":"","meta":{"_price":"","_stock":"","_tribe_ticket_header":"","_tribe_default_ticket_provider":"","_tribe_ticket_capacity":"0","_ticket_start_date":"","_ticket_end_date":"","_tribe_ticket_show_description":"","_tribe_ticket_show_not_going":false,"_tribe_ticket_use_global_stock":"","_tribe_ticket_global_stock_level":"","_global_stock_mode":"","_global_stock_cap":"","_tribe_rsvp_for_event":"","_tribe_ticket_going_count":"","_tribe_ticket_not_going_count":"","_tribe_tickets_list":"[]","_tribe_ticket_has_attendee_info_fields":false,"footnotes":"","_tec_slr_enabled":"","_tec_slr_layout":""},"class_list":["post-2892","page","type-page","status-publish","hentry"],"ticketed":false,"_links":{"self":[{"href":"https:\/\/www.dojo-ronin.de\/wordpress\/wp-json\/wp\/v2\/pages\/2892","targetHints":{"allow":["GET"]}}],"collection":[{"href":"https:\/\/www.dojo-ronin.de\/wordpress\/wp-json\/wp\/v2\/pages"}],"about":[{"href":"https:\/\/www.dojo-ronin.de\/wordpress\/wp-json\/wp\/v2\/types\/page"}],"author":[{"embeddable":true,"href":"https:\/\/www.dojo-ronin.de\/wordpress\/wp-json\/wp\/v2\/users\/6"}],"replies":[{"embeddable":true,"href":"https:\/\/www.dojo-ronin.de\/wordpress\/wp-json\/wp\/v2\/comments?post=2892"}],"version-history":[{"count":5,"href":"https:\/\/www.dojo-ronin.de\/wordpress\/wp-json\/wp\/v2\/pages\/2892\/revisions"}],"predecessor-version":[{"id":4576,"href":"https:\/\/www.dojo-ronin.de\/wordpress\/wp-json\/wp\/v2\/pages\/2892\/revisions\/4576"}],"up":[{"embeddable":true,"href":"https:\/\/www.dojo-ronin.de\/wordpress\/wp-json\/wp\/v2\/pages\/11"}],"wp:attachment":[{"href":"https:\/\/www.dojo-ronin.de\/wordpress\/wp-json\/wp\/v2\/media?parent=2892"}],"curies":[{"name":"wp","href":"https:\/\/api.w.org\/{rel}","templated":true}]}}