{"id":2888,"date":"2015-03-03T00:07:23","date_gmt":"2015-03-02T23:07:23","guid":{"rendered":"http:\/\/www.dojo-ronin.de\/?page_id=2888"},"modified":"2024-11-30T13:57:56","modified_gmt":"2024-11-30T12:57:56","slug":"beitraege","status":"publish","type":"page","link":"https:\/\/www.dojo-ronin.de\/wordpress\/verein\/beitraege\/","title":{"rendered":"Beitr\u00e4ge"},"content":{"rendered":"<p class=\"textStandard\">Folgende Beitr\u00e4ge werden seitens des Vereins lt. g\u00fcltiger Beitrags- und Geb\u00fchrenordnung erhoben:<\/p>\n<table style=\"height: 326px;\" border=\"1\" width=\"716\">\n<tbody>\n<tr>\n<td><strong>Beitr\u00e4ge aktive Mitgliedschaft Schwerin<\/strong><\/td>\n<td style=\"text-align: right;\"><\/td>\n<\/tr>\n<tr>\n<td>Kinder und Jugendliche bis zum vollendeten 16. Lebensjahr:<\/td>\n<td style=\"text-align: right;\">20,00 \u20ac \/ Monat<\/td>\n<\/tr>\n<tr>\n<td>Kinder und Jugendliche bis zum vollendeten 16. Lebensjahr erm\u00e4\u00dfigt:<\/td>\n<td style=\"text-align: right;\">15,00 \u20ac \/ Monat<\/td>\n<\/tr>\n<tr>\n<td>Jugendliche ab dem 17. Lebensjahr und Erwachsene:<\/td>\n<td style=\"text-align: right;\">30,00 \u20ac \/ Monat<\/td>\n<\/tr>\n<tr>\n<td>Jugendliche ab dem 17. Lebensjahr und Erwachsen erm\u00e4\u00dfigt:<\/td>\n<td style=\"text-align: right;\">25,00 \u20ac \/ Monat<\/td>\n<\/tr>\n<tr>\n<td><strong>Beitr\u00e4ge aktive Mitgliedschaft Wittenf\u00f6rden<\/strong><\/td>\n<td style=\"text-align: right;\"><\/td>\n<\/tr>\n<tr>\n<td>Kinder und Jugendliche bis zum vollendeten 16. Lebensjahr:<\/td>\n<td style=\"text-align: right;\">20,00 \u20ac \/ Monat<\/td>\n<\/tr>\n<tr>\n<td><strong>Allgemein<\/strong><\/td>\n<td style=\"text-align: right;\"><\/td>\n<\/tr>\n<tr>\n<td>einmalige Aufnahmegeb\u00fchr:<\/td>\n<td style=\"text-align: right;\">10,00 \u20ac<\/td>\n<\/tr>\n<tr>\n<td>F\u00f6rdermitgliedschaft:<\/td>\n<td style=\"text-align: right;\">10,00 \u20ac \/ Monat<\/td>\n<\/tr>\n<tr>\n<td>Familienrabatt je Familienmitglied (ab 3 aktiven Mitgliedern):<\/td>\n<td style=\"text-align: right;\">abzgl. 5,00 \u20ac<\/td>\n<\/tr>\n<tr>\n<td><strong>Deutscher Karate Verband (Sportfachverband)<\/strong><\/td>\n<td style=\"text-align: right;\"><\/td>\n<\/tr>\n<tr>\n<td>Kinder und Jugendliche bis zum vollendeten 14. Lebensjahr<\/td>\n<td style=\"text-align: right;\">20,00 \u20ac \/ Jahr<\/td>\n<\/tr>\n<tr>\n<td>Jugendliche ab dem vollendeten 14. Lebensjahr und Erwachsene<\/td>\n<td style=\"text-align: right;\">25,00 \u20ac \/ Jahr<\/td>\n<\/tr>\n<\/tbody>\n<\/table>\n<p>Der Familienrabatt wird aktiven Mitgliedern &#8211; mit Ausnahme der Trainer &#8211; gew\u00e4hrt, wenn mindestens zwei weitere Familienmitglieder (Geschwister, Kinder, Eltern, Gro\u00dfeltern oder Enkelkinder) aktive Mitglieder im Verein sind.<\/p>\n<p>\u00dcber die Erm\u00e4\u00dfigung der monatlichen Mitgliedsbeitr\u00e4ge entscheidet der Vorstand auf Antrag im Einzelfall.<\/p>\n<p><strong>Sie k\u00f6nnen sich den Beitrag f\u00fcr Ihr Kind nicht leisten?<\/strong><\/p>\n<p>Kein Problem! Wir m\u00f6chten jedem erm\u00f6glichen, Karate zu erlernen. Als Verein sind wir registrierter Anbieter f\u00fcr das <a href=\"http:\/\/www.bmas.de\/DE\/Themen\/Arbeitsmarkt\/Grundsicherung\/Leistungen-zur-Sicherung-des-Lebensunterhalts\/Bildungspaket\/bildungspaket.html\">Bildungs- und Teilhabepaket<\/a>. Somit k\u00f6nnen bis zu 15,00 \u20ac pro Monat vom Mitgliedsbeitrag \u00fcbernommen werden.<\/p>\n","protected":false},"excerpt":{"rendered":"<p>Folgende Beitr\u00e4ge werden seitens des Vereins lt. g\u00fcltiger Beitrags- und Geb\u00fchrenordnung erhoben: Beitr\u00e4ge aktive Mitgliedschaft Schwerin Kinder und Jugendliche bis zum vollendeten 16. Lebensjahr: 20,00 \u20ac \/ Monat Kinder und Jugendliche bis zum vollendeten 16. Lebensjahr erm\u00e4\u00dfigt: 15,00 \u20ac \/ Monat Jugendliche ab dem 17. Lebensjahr und Erwachsene: 30,00 \u20ac [&hellip;]<\/p>\n","protected":false},"author":6,"featured_media":0,"parent":11,"menu_order":0,"comment_status":"closed","ping_status":"open","template":"","meta":{"_price":"","_stock":"","_tribe_ticket_header":"","_tribe_default_ticket_provider":"","_tribe_ticket_capacity":"0","_ticket_start_date":"","_ticket_end_date":"","_tribe_ticket_show_description":"","_tribe_ticket_show_not_going":false,"_tribe_ticket_use_global_stock":"","_tribe_ticket_global_stock_level":"","_global_stock_mode":"","_global_stock_cap":"","_tribe_rsvp_for_event":"","_tribe_ticket_going_count":"","_tribe_ticket_not_going_count":"","_tribe_tickets_list":"[]","_tribe_ticket_has_attendee_info_fields":false,"footnotes":"","_tec_slr_enabled":"","_tec_slr_layout":""},"class_list":["post-2888","page","type-page","status-publish","hentry"],"ticketed":false,"_links":{"self":[{"href":"https:\/\/www.dojo-ronin.de\/wordpress\/wp-json\/wp\/v2\/pages\/2888","targetHints":{"allow":["GET"]}}],"collection":[{"href":"https:\/\/www.dojo-ronin.de\/wordpress\/wp-json\/wp\/v2\/pages"}],"about":[{"href":"https:\/\/www.dojo-ronin.de\/wordpress\/wp-json\/wp\/v2\/types\/page"}],"author":[{"embeddable":true,"href":"https:\/\/www.dojo-ronin.de\/wordpress\/wp-json\/wp\/v2\/users\/6"}],"replies":[{"embeddable":true,"href":"https:\/\/www.dojo-ronin.de\/wordpress\/wp-json\/wp\/v2\/comments?post=2888"}],"version-history":[{"count":18,"href":"https:\/\/www.dojo-ronin.de\/wordpress\/wp-json\/wp\/v2\/pages\/2888\/revisions"}],"predecessor-version":[{"id":6025,"href":"https:\/\/www.dojo-ronin.de\/wordpress\/wp-json\/wp\/v2\/pages\/2888\/revisions\/6025"}],"up":[{"embeddable":true,"href":"https:\/\/www.dojo-ronin.de\/wordpress\/wp-json\/wp\/v2\/pages\/11"}],"wp:attachment":[{"href":"https:\/\/www.dojo-ronin.de\/wordpress\/wp-json\/wp\/v2\/media?parent=2888"}],"curies":[{"name":"wp","href":"https:\/\/api.w.org\/{rel}","templated":true}]}}