{"id":11,"date":"2014-12-11T17:59:27","date_gmt":"2014-12-11T16:59:27","guid":{"rendered":"http:\/\/wordpress.dojo-ronin.de\/?page_id=11"},"modified":"2025-07-14T13:29:54","modified_gmt":"2025-07-14T11:29:54","slug":"verein","status":"publish","type":"page","link":"https:\/\/www.dojo-ronin.de\/wordpress\/verein\/","title":{"rendered":"Verein"},"content":{"rendered":"<p>Der <em>Kampfkunstverein &#8222;Dojo Ronin&#8220; e.V.<\/em>\u00a0wurde am <em>19. September 2009<\/em> gegr\u00fcndet.<\/p>\n<p><em><strong>Die Vergangenheit<\/strong><\/em><\/p>\n<p>Die Abteilung Karate wurde 2006 beim <em>SV Einheit Schwerin<\/em> gegr\u00fcndet und war eine eigenst\u00e4ndige Abteilung in dem zweitgr\u00f6\u00dften Sportverein von Schwerin seit dem 01.01.2007.<\/p>\n<p>Schnell stieg die Mitgliederzahl auf etwa 50 an, pegelte sich aber im ersten Jahr auf ca. 45 Mitglieder ein. Im Verlauf der weiteren Jahre wuchs die Mitgliederzahl der Abteilung so schnell an, dass wir mit unseren Hallenkapazit\u00e4ten an die Grenzen des M\u00f6glichen gerieten.<\/p>\n<p>Anfang 2009 entstand durch diese Problematik bereits die Idee eines eigenen Dojos. Da wir nicht immer Gast in zahlreichen Schweriner Sporthallen sein wollten, startete parallel zur Gr\u00fcndungsversammlung die Suche nach einer Immobilie. Wir fanden in der Schweriner Weststadt eine R\u00e4umlichkeit, die wir uns als Verein finanziell leisten konnten und gro\u00df genug f\u00fcr unsere Trainingsgruppen war. Dies war im September der Startschu\u00df f\u00fcr die Vereinsgr\u00fcndung.<\/p>\n<p><em><strong>Die <\/strong><\/em><a href=\"https:\/\/www.dojo-ronin.de\/wordpress\/wp-content\/uploads\/2014\/12\/DojoUmbau2009_img_2004.jpg\" target=\"_blank\" rel=\"noopener noreferrer\"><img loading=\"lazy\" decoding=\"async\" width=\"150\" height=\"150\" class=\"alignright wp-image-2921 size-thumbnail\" alt=\"DojoUmbau2009_img_2004\" src=\"https:\/\/www.dojo-ronin.de\/wordpress\/wp-content\/uploads\/2014\/12\/DojoUmbau2009_img_2004-150x150.jpg\" srcset=\"https:\/\/www.dojo-ronin.de\/wordpress\/wp-content\/uploads\/2014\/12\/DojoUmbau2009_img_2004-150x150.jpg 150w, https:\/\/www.dojo-ronin.de\/wordpress\/wp-content\/uploads\/2014\/12\/DojoUmbau2009_img_2004-160x160.jpg 160w\" sizes=\"auto, (max-width: 150px) 100vw, 150px\" \/><\/a><em><strong>Gegenwart<\/strong><\/em><\/p>\n<p>Seit Ende 2009 ist der Verein auch offiziell ein eingetragener Verein und erhielt in der Folge auch die Anerkennung der Gemeinn\u00fctzigkeit. Seit dem in Eigenleistung erfolgten Umbau der angemieteten B\u00fcror\u00e4ume in eine f\u00fcr das Karatetraining geeignetes Dojo &#8211; das japanische Wort f\u00fcr Trainingsst\u00e4tte &#8211; trainieren wir voller Stolz in unseren \u201ceigenen vier W\u00e4nden\u201d. Gleichzeitig ist der Verein in der Grundschule &#8222;Dr. Otto Steinfatt&#8220; in Wittenf\u00f6rden mit einer Schul-AG vertreten. In dieser trainieren aktuell circa 40 Sch\u00fclerinnen und Sch\u00fcler von der 1. bis zur 4. Klasse. Der Verein z\u00e4hlt rund 220 aktive Mitglieder sowie zahlreiche passive Mitglieder.<\/p>\n<p>Im April 2017 erhielt der Verein das europaweit gesch\u00fctzte und in der Deutschen Sportwelt einmalige Zertifikat &#8222;Gesundheitssport Karate&#8220;. Damit erf\u00fcllen wir die hohen Qualit\u00e4tsstandards von ClarCert, des Deutschen Karate Verbandes und des DOSB e.V..<\/p>\n<p>&nbsp;<\/p>\n<p><em><strong>Mitgliedschaften<\/strong><\/em><\/p>\n<p>Der Verein engagiert sich stark f\u00fcr die Jugend- und Sportf\u00f6rderung und ist im Zuge dessen u.a. Mitglied im\u00a0Stadtsportbund Schwerin\u00a0sowie im\u00a0Landessportbund Mecklenburg \u2013 Vorpommern. Weiterhin sind wir der\u00a0Karateunion Mecklenburg \u2013 Vorpommern\u00a0und somit dem\u00a0<em>Deutschen Karate Verband e.V.<\/em> (DKV) in der Stilrichtung JKD angeschlossen. Dar\u00fcber hinaus sind wir auch Mitglied im Karate Dojo&#8217;s e.V..<\/p>\n<p><img loading=\"lazy\" decoding=\"async\" width=\"500\" height=\"80\" class=\"alignleft wp-image-3107 size-full\" style=\"box-shadow: none !important;\" alt=\"Mitgliedschaften_Logos_2015\" src=\"https:\/\/www.dojo-ronin.de\/wordpress\/wp-content\/uploads\/2014\/12\/Mitgliedschaften_Logos_2015.png\" srcset=\"https:\/\/www.dojo-ronin.de\/wordpress\/wp-content\/uploads\/2014\/12\/Mitgliedschaften_Logos_2015.png 500w, https:\/\/www.dojo-ronin.de\/wordpress\/wp-content\/uploads\/2014\/12\/Mitgliedschaften_Logos_2015-300x48.png 300w\" sizes=\"auto, (max-width: 500px) 100vw, 500px\" \/><\/p>\n<p><a href=\"https:\/\/www.dojo-ronin.de\/wordpress\/wp-content\/uploads\/2014\/12\/karate-dojos-logo.png\"><img loading=\"lazy\" decoding=\"async\" width=\"127\" height=\"75\" class=\"wp-image-3644 alignleft\" alt=\"\" src=\"https:\/\/www.dojo-ronin.de\/wordpress\/wp-content\/uploads\/2014\/12\/karate-dojos-logo-300x178.png\" srcset=\"https:\/\/www.dojo-ronin.de\/wordpress\/wp-content\/uploads\/2014\/12\/karate-dojos-logo-300x178.png 300w, https:\/\/www.dojo-ronin.de\/wordpress\/wp-content\/uploads\/2014\/12\/karate-dojos-logo.png 506w\" sizes=\"auto, (max-width: 127px) 100vw, 127px\" \/><\/a><\/p>\n","protected":false},"excerpt":{"rendered":"<p>Der Kampfkunstverein &#8222;Dojo Ronin&#8220; e.V.\u00a0wurde am 19. September 2009 gegr\u00fcndet. Die Vergangenheit Die Abteilung Karate wurde 2006 beim SV Einheit Schwerin gegr\u00fcndet und war eine eigenst\u00e4ndige Abteilung in dem zweitgr\u00f6\u00dften Sportverein von Schwerin seit dem 01.01.2007. Schnell stieg die Mitgliederzahl auf etwa 50 an, pegelte sich aber im ersten Jahr [&hellip;]<\/p>\n","protected":false},"author":1,"featured_media":0,"parent":0,"menu_order":0,"comment_status":"closed","ping_status":"open","template":"","meta":{"_price":"","_stock":"","_tribe_ticket_header":"","_tribe_default_ticket_provider":"","_tribe_ticket_capacity":"0","_ticket_start_date":"","_ticket_end_date":"","_tribe_ticket_show_description":"","_tribe_ticket_show_not_going":false,"_tribe_ticket_use_global_stock":"","_tribe_ticket_global_stock_level":"","_global_stock_mode":"","_global_stock_cap":"","_tribe_rsvp_for_event":"","_tribe_ticket_going_count":"","_tribe_ticket_not_going_count":"","_tribe_tickets_list":"[]","_tribe_ticket_has_attendee_info_fields":false,"footnotes":"","_tec_slr_enabled":"","_tec_slr_layout":""},"class_list":["post-11","page","type-page","status-publish","hentry"],"ticketed":false,"_links":{"self":[{"href":"https:\/\/www.dojo-ronin.de\/wordpress\/wp-json\/wp\/v2\/pages\/11","targetHints":{"allow":["GET"]}}],"collection":[{"href":"https:\/\/www.dojo-ronin.de\/wordpress\/wp-json\/wp\/v2\/pages"}],"about":[{"href":"https:\/\/www.dojo-ronin.de\/wordpress\/wp-json\/wp\/v2\/types\/page"}],"author":[{"embeddable":true,"href":"https:\/\/www.dojo-ronin.de\/wordpress\/wp-json\/wp\/v2\/users\/1"}],"replies":[{"embeddable":true,"href":"https:\/\/www.dojo-ronin.de\/wordpress\/wp-json\/wp\/v2\/comments?post=11"}],"version-history":[{"count":19,"href":"https:\/\/www.dojo-ronin.de\/wordpress\/wp-json\/wp\/v2\/pages\/11\/revisions"}],"predecessor-version":[{"id":6337,"href":"https:\/\/www.dojo-ronin.de\/wordpress\/wp-json\/wp\/v2\/pages\/11\/revisions\/6337"}],"wp:attachment":[{"href":"https:\/\/www.dojo-ronin.de\/wordpress\/wp-json\/wp\/v2\/media?parent=11"}],"curies":[{"name":"wp","href":"https:\/\/api.w.org\/{rel}","templated":true}]}}